{"id":223948,"date":"2020-08-21T10:36:40","date_gmt":"2020-08-21T15:36:40","guid":{"rendered":"https:\/\/santeenfrancais.com\/contact\/"},"modified":"2026-04-14T16:10:39","modified_gmt":"2026-04-14T21:10:39","slug":"contact-us","status":"publish","type":"page","link":"https:\/\/santeenfrancais.com\/en\/contact-us\/","title":{"rendered":"Contact Us"},"content":{"rendered":"<p>[et_pb_section fb_built=&#8221;1&#8243; _builder_version=&#8221;4.16&#8243; background_image=&#8221;https:\/\/santeenfrancais.com\/wp-content\/uploads\/2020\/04\/header-bg-desktop.png&#8221; background_size=&#8221;contain&#8221; background_position=&#8221;top_center&#8221; global_colors_info=&#8221;{}&#8221;][et_pb_row _builder_version=&#8221;4.16&#8243; global_colors_info=&#8221;{}&#8221;][et_pb_column type=&#8221;4_4&#8243; _builder_version=&#8221;4.16&#8243; global_colors_info=&#8221;{}&#8221;][et_pb_post_title meta=&#8221;off&#8221; _builder_version=&#8221;4.16&#8243; title_font_size=&#8221;40px&#8221; border_color_all=&#8221;#004175&#8243; border_width_bottom=&#8221;1px&#8221; global_colors_info=&#8221;{}&#8221;][\/et_pb_post_title][\/et_pb_column][\/et_pb_row][et_pb_row column_structure=&#8221;3_5,2_5&#8243; _builder_version=&#8221;4.16&#8243; background_size=&#8221;initial&#8221; background_position=&#8221;top_left&#8221; background_repeat=&#8221;repeat&#8221; global_colors_info=&#8221;{}&#8221;][et_pb_column type=&#8221;3_5&#8243; _builder_version=&#8221;4.16&#8243; custom_padding=&#8221;|||&#8221; global_colors_info=&#8221;{}&#8221; custom_padding__hover=&#8221;|||&#8221;][et_pb_text _builder_version=&#8221;4.16&#8243; background_size=&#8221;initial&#8221; background_position=&#8221;top_left&#8221; background_repeat=&#8221;repeat&#8221; global_colors_info=&#8221;{}&#8221;]<\/p>\n<h2>Can&#8217;t find what you need?<\/h2>\n<p>Send us your comments or questions. Our team will be happy to respond as soon as possible.[\/et_pb_text][et_pb_contact_form use_spam_service=&#8221;on&#8221; recaptcha_list=&#8221;Sant\u00e9 en fran\u00e7ais|Sant\u00e9 en fran\u00e7ais-0&#8243; email=&#8221;administration@santeenfrancais.com&#8221; custom_message=&#8221;Nom: %%nom%%||et_pb_line_break_holder||||et_pb_line_break_holder||Adresse courriel: %%courriel%%||et_pb_line_break_holder||||et_pb_line_break_holder||Message: %%Message%%&#8221; submit_button_text=&#8221;Submit&#8221; _builder_version=&#8221;4.21.0&#8243; _unique_id=&#8221;52d8ebcc-c710-4ddd-bfe1-5b31fd895345&#8243; form_field_background_color=&#8221;#e6eff6&#8243; form_field_text_color=&#8221;#004175&#8243; form_field_text_align=&#8221;left&#8221; border_radii=&#8221;on|10px|10px|10px|10px&#8221; global_colors_info=&#8221;{}&#8221;][et_pb_contact_field field_id=&#8221;nom&#8221; field_title=&#8221;Name&#8221; _builder_version=&#8221;4.16&#8243; global_colors_info=&#8221;{}&#8221; button_text_size__hover_enabled=&#8221;off&#8221; button_one_text_size__hover_enabled=&#8221;off&#8221; button_two_text_size__hover_enabled=&#8221;off&#8221; button_text_color__hover_enabled=&#8221;off&#8221; button_one_text_color__hover_enabled=&#8221;off&#8221; button_two_text_color__hover_enabled=&#8221;off&#8221; button_border_width__hover_enabled=&#8221;off&#8221; button_one_border_width__hover_enabled=&#8221;off&#8221; button_two_border_width__hover_enabled=&#8221;off&#8221; button_border_color__hover_enabled=&#8221;off&#8221; button_one_border_color__hover_enabled=&#8221;off&#8221; button_two_border_color__hover_enabled=&#8221;off&#8221; button_border_radius__hover_enabled=&#8221;off&#8221; button_one_border_radius__hover_enabled=&#8221;off&#8221; button_two_border_radius__hover_enabled=&#8221;off&#8221; button_letter_spacing__hover_enabled=&#8221;off&#8221; button_one_letter_spacing__hover_enabled=&#8221;off&#8221; button_two_letter_spacing__hover_enabled=&#8221;off&#8221; button_bg_color__hover_enabled=&#8221;off&#8221; button_one_bg_color__hover_enabled=&#8221;off&#8221; button_two_bg_color__hover_enabled=&#8221;off&#8221;][\/et_pb_contact_field][et_pb_contact_field field_id=&#8221;courriel&#8221; field_title=&#8221;Email&#8221; field_type=&#8221;email&#8221; _builder_version=&#8221;4.16&#8243; global_colors_info=&#8221;{}&#8221; button_text_size__hover_enabled=&#8221;off&#8221; button_one_text_size__hover_enabled=&#8221;off&#8221; button_two_text_size__hover_enabled=&#8221;off&#8221; button_text_color__hover_enabled=&#8221;off&#8221; button_one_text_color__hover_enabled=&#8221;off&#8221; button_two_text_color__hover_enabled=&#8221;off&#8221; button_border_width__hover_enabled=&#8221;off&#8221; button_one_border_width__hover_enabled=&#8221;off&#8221; button_two_border_width__hover_enabled=&#8221;off&#8221; button_border_color__hover_enabled=&#8221;off&#8221; button_one_border_color__hover_enabled=&#8221;off&#8221; button_two_border_color__hover_enabled=&#8221;off&#8221; button_border_radius__hover_enabled=&#8221;off&#8221; button_one_border_radius__hover_enabled=&#8221;off&#8221; button_two_border_radius__hover_enabled=&#8221;off&#8221; button_letter_spacing__hover_enabled=&#8221;off&#8221; button_one_letter_spacing__hover_enabled=&#8221;off&#8221; button_two_letter_spacing__hover_enabled=&#8221;off&#8221; button_bg_color__hover_enabled=&#8221;off&#8221; button_one_bg_color__hover_enabled=&#8221;off&#8221; button_two_bg_color__hover_enabled=&#8221;off&#8221;][\/et_pb_contact_field][et_pb_contact_field field_id=&#8221;Message&#8221; field_title=&#8221;Message&#8221; field_type=&#8221;text&#8221; fullwidth_field=&#8221;on&#8221; _builder_version=&#8221;4.16&#8243; global_colors_info=&#8221;{}&#8221; button_text_size__hover_enabled=&#8221;off&#8221; button_one_text_size__hover_enabled=&#8221;off&#8221; button_two_text_size__hover_enabled=&#8221;off&#8221; button_text_color__hover_enabled=&#8221;off&#8221; button_one_text_color__hover_enabled=&#8221;off&#8221; button_two_text_color__hover_enabled=&#8221;off&#8221; button_border_width__hover_enabled=&#8221;off&#8221; button_one_border_width__hover_enabled=&#8221;off&#8221; button_two_border_width__hover_enabled=&#8221;off&#8221; button_border_color__hover_enabled=&#8221;off&#8221; button_one_border_color__hover_enabled=&#8221;off&#8221; button_two_border_color__hover_enabled=&#8221;off&#8221; button_border_radius__hover_enabled=&#8221;off&#8221; button_one_border_radius__hover_enabled=&#8221;off&#8221; button_two_border_radius__hover_enabled=&#8221;off&#8221; button_letter_spacing__hover_enabled=&#8221;off&#8221; button_one_letter_spacing__hover_enabled=&#8221;off&#8221; button_two_letter_spacing__hover_enabled=&#8221;off&#8221; button_bg_color__hover_enabled=&#8221;off&#8221; button_one_bg_color__hover_enabled=&#8221;off&#8221; button_two_bg_color__hover_enabled=&#8221;off&#8221;][\/et_pb_contact_field][\/et_pb_contact_form][\/et_pb_column][et_pb_column type=&#8221;2_5&#8243; _builder_version=&#8221;4.16&#8243; global_colors_info=&#8221;{}&#8221;][et_pb_text _builder_version=&#8221;4.27.6&#8243; hover_enabled=&#8221;0&#8243; global_colors_info=&#8221;{}&#8221; sticky_enabled=&#8221;0&#8243;]<\/p>\n<div style=\"padding-bottom: 25px;\">\n<h3>Executive Director<\/h3>\n<p><strong>J\u00e9r\u00e9mie Roberge\u00a0<\/strong><br \/>\nTel.\u00a0:\u00a0204 235-3293<br \/>\n<a href=\"mailto:administration@santeenfrancais.com\">administration@santeenfrancais.com<\/a><\/p>\n<\/div>\n<div style=\"padding-bottom: 25px;\">\n<h3>Programs and Operations Manager<\/h3>\n<p><strong>Natalie Gagn\u00e9<\/strong><br \/>\nTel. : 204 235-3294<br \/>\n<a href=\"mailto:ngagne2@santeenfrancais.com\">ngagne2@santeenfrancais.com<\/a><\/p>\n<\/div>\n<div style=\"padding-bottom: 25px;\">\n<h3>Coordinator &#8211; French Social Services<\/h3>\n<p><strong>Maryse Gagn\u00e9<\/strong><br \/>\nTel. : 204 235-3524<br \/>\n<a href=\"mailto:mgagne5@santeenfrancais.com\" class=\"email\">mgagne5@santeenfrancais.com<\/a><\/p>\n<\/div>\n<div style=\"padding-bottom: 25px;\">\n<h3>Project Coordinator &#8211; Health Sector<\/h3>\n<p><strong>Marianne Moquin<\/strong><br \/>\nTel. : 204 235-3903<br \/>\n<a href=\"mailto:mmoquin@santeenfrancais.com\" class=\"email\">mmoquin@santeenfrancais.com<\/a><\/p>\n<\/div>\n<div style=\"padding-bottom: 25px;\">\n<h3>Administration &amp; Communications<\/h3>\n<p>Tel. : 204 235-3293<br \/>\nT\u00e9l\u00e9c.\u00a0:\u00a0204 237-0984<br \/>\n<a href=\"mailto:administration@santeenfrancais.com\">administration@santeenfrancais.com<\/a><\/p>\n<\/div>\n<p>[\/et_pb_text][\/et_pb_column][\/et_pb_row][\/et_pb_section][et_pb_section fb_built=&#8221;1&#8243; fullwidth=&#8221;on&#8221; _builder_version=&#8221;4.16&#8243; _module_preset=&#8221;default&#8221; global_colors_info=&#8221;{}&#8221;][et_pb_fullwidth_code _builder_version=&#8221;4.16&#8243; _module_preset=&#8221;default&#8221; global_colors_info=&#8221;{}&#8221;]<iframe src=\"https:\/\/www.google.com\/maps\/embed?pb=!1m18!1m12!1m3!1d2570.7503041821587!2d-97.1255019846389!3d49.884715535847505!2m3!1f0!2f0!3f0!3m2!1i1024!2i768!4f13.1!3m3!1m2!1s0x52ea714b01d09cc7%3A0xa59b9fd2ec788e3e!2s400-400%20Tache%20Ave%2C%20Winnipeg%2C%20MB%20R2H%202A6!5e0!3m2!1sen!2sca!4v1625877944831!5m2!1sen!2sca\" width=\"100%\" height=\"450\" style=\"border:0;\" allowfullscreen=\"\" loading=\"lazy\"><\/iframe>[\/et_pb_fullwidth_code][\/et_pb_section]<\/p>\n","protected":false},"excerpt":{"rendered":"<p>Can&#8217;t find what you need? Send us your comments or questions. Our team will be happy to respond as soon as possible. Executive Director J\u00e9r\u00e9mie Roberge\u00a0 Tel.\u00a0:\u00a0204 235-3293 administration@santeenfrancais.com Programs and Operations Manager Natalie Gagn\u00e9 Tel. : 204 235-3294 ngagne2@santeenfrancais.com Coordinator &#8211; French Social Services Maryse Gagn\u00e9 Tel. : 204 235-3524 mgagne5@santeenfrancais.com Project Coordinator &#8211; Health Sector Marianne Moquin Tel. : 204 235-3903 mmoquin@santeenfrancais.com Administration &amp; Communications Tel. : 204 235-3293 T\u00e9l\u00e9c.\u00a0:\u00a0204 237-0984 administration@santeenfrancais.com<\/p>\n","protected":false},"author":35,"featured_media":0,"parent":0,"menu_order":0,"comment_status":"closed","ping_status":"closed","template":"","meta":{"_et_pb_use_builder":"on","_et_pb_old_content":"","_et_gb_content_width":"","footnotes":""},"class_list":["post-223948","page","type-page","status-publish","hentry"],"_links":{"self":[{"href":"https:\/\/santeenfrancais.com\/en\/wp-json\/wp\/v2\/pages\/223948","targetHints":{"allow":["GET"]}}],"collection":[{"href":"https:\/\/santeenfrancais.com\/en\/wp-json\/wp\/v2\/pages"}],"about":[{"href":"https:\/\/santeenfrancais.com\/en\/wp-json\/wp\/v2\/types\/page"}],"author":[{"embeddable":true,"href":"https:\/\/santeenfrancais.com\/en\/wp-json\/wp\/v2\/users\/35"}],"replies":[{"embeddable":true,"href":"https:\/\/santeenfrancais.com\/en\/wp-json\/wp\/v2\/comments?post=223948"}],"version-history":[{"count":19,"href":"https:\/\/santeenfrancais.com\/en\/wp-json\/wp\/v2\/pages\/223948\/revisions"}],"predecessor-version":[{"id":228245,"href":"https:\/\/santeenfrancais.com\/en\/wp-json\/wp\/v2\/pages\/223948\/revisions\/228245"}],"wp:attachment":[{"href":"https:\/\/santeenfrancais.com\/en\/wp-json\/wp\/v2\/media?parent=223948"}],"curies":[{"name":"wp","href":"https:\/\/api.w.org\/{rel}","templated":true}]}}