{"id":223969,"date":"2020-09-08T10:41:38","date_gmt":"2020-09-08T15:41:38","guid":{"rendered":"https:\/\/santeenfrancais.com\/annuaire\/"},"modified":"2023-03-21T11:20:52","modified_gmt":"2023-03-21T16:20:52","slug":"annuaire","status":"publish","type":"page","link":"https:\/\/santeenfrancais.com\/en\/annuaire\/","title":{"rendered":"Find French-language Services"},"content":{"rendered":"<p>[et_pb_section fb_built=&#8221;1&#8243; _builder_version=&#8221;4.16&#8243; background_image=&#8221;https:\/\/santeenfrancais.com\/wp-content\/uploads\/2020\/04\/header-bg-desktop.png&#8221; background_size=&#8221;contain&#8221; background_position=&#8221;top_center&#8221; global_colors_info=&#8221;{}&#8221;][et_pb_row _builder_version=&#8221;4.16&#8243; global_colors_info=&#8221;{}&#8221;][et_pb_column type=&#8221;4_4&#8243; _builder_version=&#8221;4.16&#8243; global_colors_info=&#8221;{}&#8221;][et_pb_post_title meta=&#8221;off&#8221; _builder_version=&#8221;4.16&#8243; title_font_size=&#8221;40px&#8221; border_color_all=&#8221;#004175&#8243; border_width_bottom=&#8221;1px&#8221; global_colors_info=&#8221;{}&#8221;][\/et_pb_post_title][\/et_pb_column][\/et_pb_row][et_pb_row column_structure=&#8221;2_3,1_3&#8243; make_equal=&#8221;on&#8221; _builder_version=&#8221;4.16&#8243; background_size=&#8221;initial&#8221; background_position=&#8221;top_left&#8221; background_repeat=&#8221;repeat&#8221; global_colors_info=&#8221;{}&#8221;][et_pb_column type=&#8221;2_3&#8243; _builder_version=&#8221;4.16&#8243; custom_padding=&#8221;|||&#8221; global_colors_info=&#8221;{}&#8221; custom_padding__hover=&#8221;|||&#8221;][et_pb_text _builder_version=&#8221;4.19.2&#8243; _module_preset=&#8221;default&#8221; hover_enabled=&#8221;0&#8243; global_colors_info=&#8221;{}&#8221; sticky_enabled=&#8221;0&#8243;]<\/p>\n<h3>Please note:<\/h3>\n<p>This section is only available in French. <a href=\"https:\/\/santeenfrancais.com\/annuaire\/\">Click here to view the Directory.<\/a>[\/et_pb_text][et_pb_toggle title=&#8221;Cliquez ici pour les cat\u00e9gories&#8221; disabled_on=&#8221;off|off|on&#8221; _builder_version=&#8221;4.16&#8243; custom_margin_tablet=&#8221;&#8221; custom_margin_phone=&#8221;|0px||0px|false|true&#8221; custom_margin_last_edited=&#8221;on|phone&#8221; global_colors_info=&#8221;{}&#8221;]<ul class=\"wpbdp-categories cf wpbdp-categories-1-columns-no-bp with-images\" data-breakpoints=\"{&quot;tiny&quot;: [0,360], &quot;small&quot;: [360,560], &quot;medium&quot;: [560,710], &quot;large&quot;: [710,999999]}\" data-breakpoints-class-prefix=\"wpbdp-categories-1-columns\"><li class=\"cat-item cat-item-36  with-image  \"><a href=\"https:\/\/santeenfrancais.com\/en\/annuaire\/wpbdp_category\/foyers-de-soins-longue-duree\/\" class=\"wpbdp-category-icon-link\"><img decoding=\"async\" src=\"https:\/\/santeenfrancais.com\/wp-content\/uploads\/2020\/08\/nursing-home.png\" alt=\"Foyers de soins (longue dur\u00e9e)\" class=\"category-image\" style=\"max-width: 80px; max-height: 80px;\" \/><\/a><a href=\"https:\/\/santeenfrancais.com\/en\/annuaire\/wpbdp_category\/foyers-de-soins-longue-duree\/\" title=\"\" class=\"category-label\">Foyers de soins (longue dur\u00e9e)<\/a> (11)\t<\/li><li class=\"cat-item cat-item-38  with-image  \"><a href=\"https:\/\/santeenfrancais.com\/en\/annuaire\/wpbdp_category\/hopitaux\/\" class=\"wpbdp-category-icon-link\"><img decoding=\"async\" src=\"https:\/\/santeenfrancais.com\/wp-content\/uploads\/2020\/08\/hospital.png\" alt=\"H\u00f4pitaux\" class=\"category-image\" style=\"max-width: 80px; max-height: 80px;\" \/><\/a><a href=\"https:\/\/santeenfrancais.com\/en\/annuaire\/wpbdp_category\/hopitaux\/\" title=\"\" class=\"category-label\">H\u00f4pitaux<\/a> (9)\t<\/li><li class=\"cat-item cat-item-39  with-image  \"><a href=\"https:\/\/santeenfrancais.com\/en\/annuaire\/wpbdp_category\/residences-pour-personnes-agees-autonomes\/\" class=\"wpbdp-category-icon-link\"><img decoding=\"async\" src=\"https:\/\/santeenfrancais.com\/wp-content\/uploads\/2020\/08\/independent-living.png\" alt=\"R\u00e9sidences pour personnes \u00e2g\u00e9es autonomes\" class=\"category-image\" style=\"max-width: 80px; max-height: 80px;\" \/><\/a><a href=\"https:\/\/santeenfrancais.com\/en\/annuaire\/wpbdp_category\/residences-pour-personnes-agees-autonomes\/\" title=\"\" class=\"category-label\">R\u00e9sidences pour personnes \u00e2g\u00e9es autonomes<\/a> (6)\t<\/li><li class=\"cat-item cat-item-40  with-image  \"><a href=\"https:\/\/santeenfrancais.com\/en\/annuaire\/wpbdp_category\/services-dappui-et-ou-de-counseling\/\" class=\"wpbdp-category-icon-link\"><img decoding=\"async\" src=\"https:\/\/santeenfrancais.com\/wp-content\/uploads\/2020\/08\/counselling.png\" alt=\"Services d'appui et ou de counseling\" class=\"category-image\" style=\"max-width: 80px; max-height: 80px;\" \/><\/a><a href=\"https:\/\/santeenfrancais.com\/en\/annuaire\/wpbdp_category\/services-dappui-et-ou-de-counseling\/\" title=\"\" class=\"category-label\">Services d&#039;appui et ou de counseling<\/a> (23)\t<\/li><li class=\"cat-item cat-item-34  with-image  \"><a href=\"https:\/\/santeenfrancais.com\/en\/annuaire\/wpbdp_category\/services-durgence-en-sante-mentale\/\" class=\"wpbdp-category-icon-link\"><img decoding=\"async\" src=\"https:\/\/santeenfrancais.com\/wp-content\/uploads\/2020\/08\/mental-health.png\" alt=\"Services d\u2019urgence en sant\u00e9 mentale\" class=\"category-image\" style=\"max-width: 80px; max-height: 80px;\" \/><\/a><a href=\"https:\/\/santeenfrancais.com\/en\/annuaire\/wpbdp_category\/services-durgence-en-sante-mentale\/\" title=\"\" class=\"category-label\">Services d\u2019urgence en sant\u00e9 mentale<\/a> (6)\t<\/li><li class=\"cat-item cat-item-41  with-image  \"><a href=\"https:\/\/santeenfrancais.com\/en\/annuaire\/wpbdp_category\/services-et-programmes\/\" class=\"wpbdp-category-icon-link\"><img decoding=\"async\" src=\"https:\/\/santeenfrancais.com\/wp-content\/uploads\/2020\/08\/services-programs.png\" alt=\"Services et programmes\" class=\"category-image\" style=\"max-width: 80px; max-height: 80px;\" \/><\/a><a href=\"https:\/\/santeenfrancais.com\/en\/annuaire\/wpbdp_category\/services-et-programmes\/\" title=\"\" class=\"category-label\">Services et programmes<\/a> (22)\t<\/li><\/ul>[\/et_pb_toggle][et_pb_text _builder_version=&#8221;4.16&#8243; global_colors_info=&#8221;{}&#8221;][\/et_pb_text][\/et_pb_column][et_pb_column type=&#8221;1_3&#8243; _builder_version=&#8221;4.16&#8243; custom_padding=&#8221;|||&#8221; global_colors_info=&#8221;{}&#8221; custom_padding__hover=&#8221;|||&#8221;][et_pb_text _builder_version=&#8221;4.16&#8243; global_colors_info=&#8221;{}&#8221;]<ul class=\"wpbdp-categories cf wpbdp-categories-1-columns-no-bp with-images\" data-breakpoints=\"{&quot;tiny&quot;: [0,360], &quot;small&quot;: [360,560], &quot;medium&quot;: [560,710], &quot;large&quot;: [710,999999]}\" data-breakpoints-class-prefix=\"wpbdp-categories-1-columns\"><li class=\"cat-item cat-item-36  with-image  \"><a href=\"https:\/\/santeenfrancais.com\/en\/annuaire\/wpbdp_category\/foyers-de-soins-longue-duree\/\" class=\"wpbdp-category-icon-link\"><img decoding=\"async\" src=\"https:\/\/santeenfrancais.com\/wp-content\/uploads\/2020\/08\/nursing-home.png\" alt=\"Foyers de soins (longue dur\u00e9e)\" class=\"category-image\" style=\"max-width: 80px; max-height: 80px;\" \/><\/a><a href=\"https:\/\/santeenfrancais.com\/en\/annuaire\/wpbdp_category\/foyers-de-soins-longue-duree\/\" title=\"\" class=\"category-label\">Foyers de soins (longue dur\u00e9e)<\/a> (11)\t<\/li><li class=\"cat-item cat-item-38  with-image  \"><a href=\"https:\/\/santeenfrancais.com\/en\/annuaire\/wpbdp_category\/hopitaux\/\" class=\"wpbdp-category-icon-link\"><img decoding=\"async\" src=\"https:\/\/santeenfrancais.com\/wp-content\/uploads\/2020\/08\/hospital.png\" alt=\"H\u00f4pitaux\" class=\"category-image\" style=\"max-width: 80px; max-height: 80px;\" \/><\/a><a href=\"https:\/\/santeenfrancais.com\/en\/annuaire\/wpbdp_category\/hopitaux\/\" title=\"\" class=\"category-label\">H\u00f4pitaux<\/a> (9)\t<\/li><li class=\"cat-item cat-item-39  with-image  \"><a href=\"https:\/\/santeenfrancais.com\/en\/annuaire\/wpbdp_category\/residences-pour-personnes-agees-autonomes\/\" class=\"wpbdp-category-icon-link\"><img decoding=\"async\" src=\"https:\/\/santeenfrancais.com\/wp-content\/uploads\/2020\/08\/independent-living.png\" alt=\"R\u00e9sidences pour personnes \u00e2g\u00e9es autonomes\" class=\"category-image\" style=\"max-width: 80px; max-height: 80px;\" \/><\/a><a href=\"https:\/\/santeenfrancais.com\/en\/annuaire\/wpbdp_category\/residences-pour-personnes-agees-autonomes\/\" title=\"\" class=\"category-label\">R\u00e9sidences pour personnes \u00e2g\u00e9es autonomes<\/a> (6)\t<\/li><li class=\"cat-item cat-item-40  with-image  \"><a href=\"https:\/\/santeenfrancais.com\/en\/annuaire\/wpbdp_category\/services-dappui-et-ou-de-counseling\/\" class=\"wpbdp-category-icon-link\"><img decoding=\"async\" src=\"https:\/\/santeenfrancais.com\/wp-content\/uploads\/2020\/08\/counselling.png\" alt=\"Services d'appui et ou de counseling\" class=\"category-image\" style=\"max-width: 80px; max-height: 80px;\" \/><\/a><a href=\"https:\/\/santeenfrancais.com\/en\/annuaire\/wpbdp_category\/services-dappui-et-ou-de-counseling\/\" title=\"\" class=\"category-label\">Services d&#039;appui et ou de counseling<\/a> (23)\t<\/li><li class=\"cat-item cat-item-34  with-image  \"><a href=\"https:\/\/santeenfrancais.com\/en\/annuaire\/wpbdp_category\/services-durgence-en-sante-mentale\/\" class=\"wpbdp-category-icon-link\"><img decoding=\"async\" src=\"https:\/\/santeenfrancais.com\/wp-content\/uploads\/2020\/08\/mental-health.png\" alt=\"Services d\u2019urgence en sant\u00e9 mentale\" class=\"category-image\" style=\"max-width: 80px; max-height: 80px;\" \/><\/a><a href=\"https:\/\/santeenfrancais.com\/en\/annuaire\/wpbdp_category\/services-durgence-en-sante-mentale\/\" title=\"\" class=\"category-label\">Services d\u2019urgence en sant\u00e9 mentale<\/a> (6)\t<\/li><li class=\"cat-item cat-item-41  with-image  \"><a href=\"https:\/\/santeenfrancais.com\/en\/annuaire\/wpbdp_category\/services-et-programmes\/\" class=\"wpbdp-category-icon-link\"><img decoding=\"async\" src=\"https:\/\/santeenfrancais.com\/wp-content\/uploads\/2020\/08\/services-programs.png\" alt=\"Services et programmes\" class=\"category-image\" style=\"max-width: 80px; max-height: 80px;\" \/><\/a><a href=\"https:\/\/santeenfrancais.com\/en\/annuaire\/wpbdp_category\/services-et-programmes\/\" title=\"\" class=\"category-label\">Services et programmes<\/a> (22)\t<\/li><\/ul>[\/et_pb_text][\/et_pb_column][\/et_pb_row][\/et_pb_section]<\/p>\n","protected":false},"excerpt":{"rendered":"<p>Please note: This section is only available in French. Click here to view the Directory.<ul class=\"wpbdp-categories cf wpbdp-categories-1-columns-no-bp with-images\" data-breakpoints=\"{&quot;tiny&quot;: [0,360], &quot;small&quot;: [360,560], &quot;medium&quot;: [560,710], &quot;large&quot;: [710,999999]}\" data-breakpoints-class-prefix=\"wpbdp-categories-1-columns\"><li class=\"cat-item cat-item-36  with-image  \"><a href=\"https:\/\/santeenfrancais.com\/en\/annuaire\/wpbdp_category\/foyers-de-soins-longue-duree\/\" class=\"wpbdp-category-icon-link\"><img decoding=\"async\" src=\"https:\/\/santeenfrancais.com\/wp-content\/uploads\/2020\/08\/nursing-home.png\" alt=\"Foyers de soins (longue dur\u00e9e)\" class=\"category-image\" style=\"max-width: 80px; max-height: 80px;\" \/><\/a><a href=\"https:\/\/santeenfrancais.com\/en\/annuaire\/wpbdp_category\/foyers-de-soins-longue-duree\/\" title=\"\" class=\"category-label\">Foyers de soins (longue dur\u00e9e)<\/a> (11)\t<\/li><li class=\"cat-item cat-item-38  with-image  \"><a href=\"https:\/\/santeenfrancais.com\/en\/annuaire\/wpbdp_category\/hopitaux\/\" class=\"wpbdp-category-icon-link\"><img decoding=\"async\" src=\"https:\/\/santeenfrancais.com\/wp-content\/uploads\/2020\/08\/hospital.png\" alt=\"H\u00f4pitaux\" class=\"category-image\" style=\"max-width: 80px; max-height: 80px;\" \/><\/a><a href=\"https:\/\/santeenfrancais.com\/en\/annuaire\/wpbdp_category\/hopitaux\/\" title=\"\" class=\"category-label\">H\u00f4pitaux<\/a> (9)\t<\/li><li class=\"cat-item cat-item-39  with-image  \"><a href=\"https:\/\/santeenfrancais.com\/en\/annuaire\/wpbdp_category\/residences-pour-personnes-agees-autonomes\/\" class=\"wpbdp-category-icon-link\"><img decoding=\"async\" src=\"https:\/\/santeenfrancais.com\/wp-content\/uploads\/2020\/08\/independent-living.png\" alt=\"R\u00e9sidences pour personnes \u00e2g\u00e9es autonomes\" class=\"category-image\" style=\"max-width: 80px; max-height: 80px;\" \/><\/a><a href=\"https:\/\/santeenfrancais.com\/en\/annuaire\/wpbdp_category\/residences-pour-personnes-agees-autonomes\/\" title=\"\" class=\"category-label\">R\u00e9sidences pour personnes \u00e2g\u00e9es autonomes<\/a> (6)\t<\/li><li class=\"cat-item cat-item-40  with-image  \"><a href=\"https:\/\/santeenfrancais.com\/en\/annuaire\/wpbdp_category\/services-dappui-et-ou-de-counseling\/\" class=\"wpbdp-category-icon-link\"><img decoding=\"async\" src=\"https:\/\/santeenfrancais.com\/wp-content\/uploads\/2020\/08\/counselling.png\" alt=\"Services d'appui et ou de counseling\" class=\"category-image\" style=\"max-width: 80px; max-height: 80px;\" \/><\/a><a href=\"https:\/\/santeenfrancais.com\/en\/annuaire\/wpbdp_category\/services-dappui-et-ou-de-counseling\/\" title=\"\" class=\"category-label\">Services d&#039;appui et ou de counseling<\/a> (23)\t<\/li><li class=\"cat-item cat-item-34  with-image  \"><a href=\"https:\/\/santeenfrancais.com\/en\/annuaire\/wpbdp_category\/services-durgence-en-sante-mentale\/\" class=\"wpbdp-category-icon-link\"><img decoding=\"async\" src=\"https:\/\/santeenfrancais.com\/wp-content\/uploads\/2020\/08\/mental-health.png\" alt=\"Services d\u2019urgence en sant\u00e9 mentale\" class=\"category-image\" style=\"max-width: 80px; max-height: 80px;\" \/><\/a><a href=\"https:\/\/santeenfrancais.com\/en\/annuaire\/wpbdp_category\/services-durgence-en-sante-mentale\/\" title=\"\" class=\"category-label\">Services d\u2019urgence en sant\u00e9 mentale<\/a> (6)\t<\/li><li class=\"cat-item cat-item-41  with-image  \"><a href=\"https:\/\/santeenfrancais.com\/en\/annuaire\/wpbdp_category\/services-et-programmes\/\" class=\"wpbdp-category-icon-link\"><img decoding=\"async\" src=\"https:\/\/santeenfrancais.com\/wp-content\/uploads\/2020\/08\/services-programs.png\" alt=\"Services et programmes\" class=\"category-image\" style=\"max-width: 80px; max-height: 80px;\" \/><\/a><a href=\"https:\/\/santeenfrancais.com\/en\/annuaire\/wpbdp_category\/services-et-programmes\/\" title=\"\" class=\"category-label\">Services et programmes<\/a> (22)\t<\/li><\/ul><ul class=\"wpbdp-categories cf wpbdp-categories-1-columns-no-bp with-images\" data-breakpoints=\"{&quot;tiny&quot;: [0,360], &quot;small&quot;: [360,560], &quot;medium&quot;: [560,710], &quot;large&quot;: [710,999999]}\" data-breakpoints-class-prefix=\"wpbdp-categories-1-columns\"><li class=\"cat-item cat-item-36  with-image  \"><a href=\"https:\/\/santeenfrancais.com\/en\/annuaire\/wpbdp_category\/foyers-de-soins-longue-duree\/\" class=\"wpbdp-category-icon-link\"><img decoding=\"async\" src=\"https:\/\/santeenfrancais.com\/wp-content\/uploads\/2020\/08\/nursing-home.png\" alt=\"Foyers de soins (longue dur\u00e9e)\" class=\"category-image\" style=\"max-width: 80px; max-height: 80px;\" \/><\/a><a href=\"https:\/\/santeenfrancais.com\/en\/annuaire\/wpbdp_category\/foyers-de-soins-longue-duree\/\" title=\"\" class=\"category-label\">Foyers de soins (longue dur\u00e9e)<\/a> (11)\t<\/li><li class=\"cat-item cat-item-38  with-image  \"><a href=\"https:\/\/santeenfrancais.com\/en\/annuaire\/wpbdp_category\/hopitaux\/\" class=\"wpbdp-category-icon-link\"><img decoding=\"async\" src=\"https:\/\/santeenfrancais.com\/wp-content\/uploads\/2020\/08\/hospital.png\" alt=\"H\u00f4pitaux\" class=\"category-image\" style=\"max-width: 80px; max-height: 80px;\" \/><\/a><a href=\"https:\/\/santeenfrancais.com\/en\/annuaire\/wpbdp_category\/hopitaux\/\" title=\"\" class=\"category-label\">H\u00f4pitaux<\/a> (9)\t<\/li><li class=\"cat-item cat-item-39  with-image  \"><a href=\"https:\/\/santeenfrancais.com\/en\/annuaire\/wpbdp_category\/residences-pour-personnes-agees-autonomes\/\" class=\"wpbdp-category-icon-link\"><img decoding=\"async\" src=\"https:\/\/santeenfrancais.com\/wp-content\/uploads\/2020\/08\/independent-living.png\" alt=\"R\u00e9sidences pour personnes \u00e2g\u00e9es autonomes\" class=\"category-image\" style=\"max-width: 80px; max-height: 80px;\" \/><\/a><a href=\"https:\/\/santeenfrancais.com\/en\/annuaire\/wpbdp_category\/residences-pour-personnes-agees-autonomes\/\" title=\"\" class=\"category-label\">R\u00e9sidences pour personnes \u00e2g\u00e9es autonomes<\/a> (6)\t<\/li><li class=\"cat-item cat-item-40  with-image  \"><a href=\"https:\/\/santeenfrancais.com\/en\/annuaire\/wpbdp_category\/services-dappui-et-ou-de-counseling\/\" class=\"wpbdp-category-icon-link\"><img decoding=\"async\" src=\"https:\/\/santeenfrancais.com\/wp-content\/uploads\/2020\/08\/counselling.png\" alt=\"Services d'appui et ou de counseling\" class=\"category-image\" style=\"max-width: 80px; max-height: 80px;\" \/><\/a><a href=\"https:\/\/santeenfrancais.com\/en\/annuaire\/wpbdp_category\/services-dappui-et-ou-de-counseling\/\" title=\"\" class=\"category-label\">Services d&#039;appui et ou de counseling<\/a> (23)\t<\/li><li class=\"cat-item cat-item-34  with-image  \"><a href=\"https:\/\/santeenfrancais.com\/en\/annuaire\/wpbdp_category\/services-durgence-en-sante-mentale\/\" class=\"wpbdp-category-icon-link\"><img decoding=\"async\" src=\"https:\/\/santeenfrancais.com\/wp-content\/uploads\/2020\/08\/mental-health.png\" alt=\"Services d\u2019urgence en sant\u00e9 mentale\" class=\"category-image\" style=\"max-width: 80px; max-height: 80px;\" \/><\/a><a href=\"https:\/\/santeenfrancais.com\/en\/annuaire\/wpbdp_category\/services-durgence-en-sante-mentale\/\" title=\"\" class=\"category-label\">Services d\u2019urgence en sant\u00e9 mentale<\/a> (6)\t<\/li><li class=\"cat-item cat-item-41  with-image  \"><a href=\"https:\/\/santeenfrancais.com\/en\/annuaire\/wpbdp_category\/services-et-programmes\/\" class=\"wpbdp-category-icon-link\"><img decoding=\"async\" src=\"https:\/\/santeenfrancais.com\/wp-content\/uploads\/2020\/08\/services-programs.png\" alt=\"Services et programmes\" class=\"category-image\" style=\"max-width: 80px; max-height: 80px;\" \/><\/a><a href=\"https:\/\/santeenfrancais.com\/en\/annuaire\/wpbdp_category\/services-et-programmes\/\" title=\"\" class=\"category-label\">Services et programmes<\/a> (22)\t<\/li><\/ul><\/p>\n","protected":false},"author":35,"featured_media":0,"parent":0,"menu_order":0,"comment_status":"closed","ping_status":"closed","template":"","meta":{"_et_pb_use_builder":"on","_et_pb_old_content":"","_et_gb_content_width":"","footnotes":""},"class_list":["post-223969","page","type-page","status-publish","hentry"],"_links":{"self":[{"href":"https:\/\/santeenfrancais.com\/en\/wp-json\/wp\/v2\/pages\/223969","targetHints":{"allow":["GET"]}}],"collection":[{"href":"https:\/\/santeenfrancais.com\/en\/wp-json\/wp\/v2\/pages"}],"about":[{"href":"https:\/\/santeenfrancais.com\/en\/wp-json\/wp\/v2\/types\/page"}],"author":[{"embeddable":true,"href":"https:\/\/santeenfrancais.com\/en\/wp-json\/wp\/v2\/users\/35"}],"replies":[{"embeddable":true,"href":"https:\/\/santeenfrancais.com\/en\/wp-json\/wp\/v2\/comments?post=223969"}],"version-history":[{"count":6,"href":"https:\/\/santeenfrancais.com\/en\/wp-json\/wp\/v2\/pages\/223969\/revisions"}],"predecessor-version":[{"id":226168,"href":"https:\/\/santeenfrancais.com\/en\/wp-json\/wp\/v2\/pages\/223969\/revisions\/226168"}],"wp:attachment":[{"href":"https:\/\/santeenfrancais.com\/en\/wp-json\/wp\/v2\/media?parent=223969"}],"curies":[{"name":"wp","href":"https:\/\/api.w.org\/{rel}","templated":true}]}}