{"id":223979,"date":"2020-07-09T15:22:47","date_gmt":"2020-07-09T20:22:47","guid":{"rendered":"https:\/\/santeenfrancais.com\/comment-on-travail\/"},"modified":"2021-06-14T11:38:08","modified_gmt":"2021-06-14T16:38:08","slug":"how-we-work","status":"publish","type":"page","link":"https:\/\/santeenfrancais.com\/en\/how-we-work\/","title":{"rendered":"How We Work"},"content":{"rendered":"<p>[et_pb_section fb_built=&#8221;1&#8243; _builder_version=&#8221;4.4.1&#8243; background_image=&#8221;https:\/\/santeenfrancais.com\/wp-content\/uploads\/2020\/04\/header-bg-desktop.png&#8221; background_size=&#8221;contain&#8221; background_position=&#8221;top_center&#8221;][et_pb_row _builder_version=&#8221;4.4.1&#8243;][et_pb_column type=&#8221;4_4&#8243; _builder_version=&#8221;4.4.1&#8243;][et_pb_post_title meta=&#8221;off&#8221; _builder_version=&#8221;4.4.1&#8243; title_font_size=&#8221;40px&#8221; border_color_all=&#8221;#004175&#8243; border_width_bottom=&#8221;1px&#8221;][\/et_pb_post_title][\/et_pb_column][\/et_pb_row][et_pb_row column_structure=&#8221;3_5,2_5&#8243; make_equal=&#8221;on&#8221; _builder_version=&#8221;4.4.1&#8243; background_size=&#8221;initial&#8221; background_position=&#8221;top_left&#8221; background_repeat=&#8221;repeat&#8221;][et_pb_column type=&#8221;3_5&#8243; _builder_version=&#8221;3.25&#8243; custom_padding=&#8221;|||&#8221; custom_padding__hover=&#8221;|||&#8221;][et_pb_text _builder_version=&#8221;4.9.4&#8243; background_size=&#8221;initial&#8221; background_position=&#8221;top_left&#8221; background_repeat=&#8221;repeat&#8221; hover_enabled=&#8221;0&#8243; sticky_enabled=&#8221;0&#8243;]<\/p>\n<h2>We partner locally and nationally<\/h2>\n<p>Sant\u00e9 en fran\u00e7ais works in partnership with the Francophone community as well as health care and social services providers, educational bodies, governments, and community leaders to improve access to French-language health and social services.<\/p>\n<p>We consult with all interested parties to identify concerns and set priorities to improve access to services. We also draw from the resources of the national <a href=\"https:\/\/www.santefrancais.ca\/en\/\" target=\"_blank\" rel=\"noopener\">Soci\u00e9t\u00e9 Sant\u00e9 en fran\u00e7ais<\/a> team and our 15 sister health networks across Canada.<\/p>\n<p>It would not be possible to fulfill our mandate, without the support and funding of an extensive network of like-minded partners and allies in the community. Sant\u00e9 en fran\u00e7ais would like to thank and acknowledge all of them.<\/p>\n<p>By working together, we ensure that Francophones in Manitoba receive quality French-language health and social services.<\/p>\n<p>[\/et_pb_text][\/et_pb_column][et_pb_column type=&#8221;2_5&#8243; _builder_version=&#8221;3.25&#8243; custom_padding=&#8221;|||&#8221; custom_padding__hover=&#8221;|||&#8221;][et_pb_image src=&#8221;https:\/\/santeenfrancais.com\/wp-content\/uploads\/2021\/05\/les-reseau-map-en.png&#8221; alt=&#8221;les-reseau-map of canada&#8221; align=&#8221;center&#8221; _builder_version=&#8221;4.9.0&#8243;][\/et_pb_image][\/et_pb_column][\/et_pb_row][et_pb_row column_structure=&#8221;3_5,2_5&#8243; _builder_version=&#8221;3.25&#8243; background_size=&#8221;initial&#8221; background_position=&#8221;top_left&#8221; background_repeat=&#8221;repeat&#8221;][et_pb_column type=&#8221;3_5&#8243; _builder_version=&#8221;3.25&#8243; custom_padding=&#8221;|||&#8221; custom_padding__hover=&#8221;|||&#8221;][et_pb_text _builder_version=&#8221;4.9.0&#8243; background_size=&#8221;initial&#8221; background_position=&#8221;top_left&#8221; background_repeat=&#8221;repeat&#8221;]<\/p>\n<h2>Our philosophy<\/h2>\n<p>We believe that French-language services are required in order to ensure safe services and achieve better outcomes for Francophones. We therefore see to it that they receive quality services by acting as collaborators, supporters, innovators and influencers.<\/p>\n<p>[\/et_pb_text][et_pb_image src=&#8221;https:\/\/santeenfrancais.com\/wp-content\/uploads\/2021\/05\/pentagram-chart-eg-lrg.png&#8221; align=&#8221;center&#8221; _builder_version=&#8221;4.9.0&#8243; custom_margin=&#8221;||50px|||&#8221;][\/et_pb_image][et_pb_text _builder_version=&#8221;4.9.0&#8243; background_size=&#8221;initial&#8221; background_position=&#8221;top_left&#8221; background_repeat=&#8221;repeat&#8221;]<\/p>\n<h2>Organizational Structure<\/h2>\n<p>Our structure is based on our goal: French-language access to health and social services. As such, our organization is run by a community-based board of directors and we conduct regular round table discussions to ensure we are in touch with the community we serve.<\/p>\n<p>[\/et_pb_text][\/et_pb_column][et_pb_column type=&#8221;2_5&#8243; _builder_version=&#8221;4.4.1&#8243;][\/et_pb_column][\/et_pb_row][\/et_pb_section]<\/p>\n","protected":false},"excerpt":{"rendered":"<p>We partner locally and nationally Sant\u00e9 en fran\u00e7ais works in partnership with the Francophone community as well as health care and social services providers, educational bodies, governments, and community leaders to improve access to French-language health and social services. We consult with all interested parties to identify concerns and set priorities to improve access to services. We also draw from the resources of the national Soci\u00e9t\u00e9 Sant\u00e9 en fran\u00e7ais team and our 15 sister health networks across Canada. It would not be possible to fulfill our mandate, without the support and funding of an extensive network of like-minded partners and allies in the community. Sant\u00e9 en fran\u00e7ais would like to thank and acknowledge all of them. By working together, we ensure that Francophones in Manitoba receive quality French-language health and social services.Our philosophy We believe that French-language services are required in order to ensure safe services and achieve better outcomes for Francophones. We therefore see to it that they receive quality services by acting as collaborators, supporters, innovators and influencers.Organizational Structure Our structure is based on our goal: French-language access to health and social services. As such, our organization is run by a community-based board of directors and we conduct [&hellip;]<\/p>\n","protected":false},"author":35,"featured_media":0,"parent":0,"menu_order":0,"comment_status":"closed","ping_status":"closed","template":"","meta":{"_et_pb_use_builder":"on","_et_pb_old_content":"","_et_gb_content_width":"","footnotes":""},"class_list":["post-223979","page","type-page","status-publish","hentry"],"_links":{"self":[{"href":"https:\/\/santeenfrancais.com\/en\/wp-json\/wp\/v2\/pages\/223979","targetHints":{"allow":["GET"]}}],"collection":[{"href":"https:\/\/santeenfrancais.com\/en\/wp-json\/wp\/v2\/pages"}],"about":[{"href":"https:\/\/santeenfrancais.com\/en\/wp-json\/wp\/v2\/types\/page"}],"author":[{"embeddable":true,"href":"https:\/\/santeenfrancais.com\/en\/wp-json\/wp\/v2\/users\/35"}],"replies":[{"embeddable":true,"href":"https:\/\/santeenfrancais.com\/en\/wp-json\/wp\/v2\/comments?post=223979"}],"version-history":[{"count":4,"href":"https:\/\/santeenfrancais.com\/en\/wp-json\/wp\/v2\/pages\/223979\/revisions"}],"predecessor-version":[{"id":224767,"href":"https:\/\/santeenfrancais.com\/en\/wp-json\/wp\/v2\/pages\/223979\/revisions\/224767"}],"wp:attachment":[{"href":"https:\/\/santeenfrancais.com\/en\/wp-json\/wp\/v2\/media?parent=223979"}],"curies":[{"name":"wp","href":"https:\/\/api.w.org\/{rel}","templated":true}]}}