{"id":224011,"date":"2020-12-04T15:57:57","date_gmt":"2020-12-04T21:57:57","guid":{"rendered":"https:\/\/santeenfrancais.com\/regions-entre-les-lacs-et-lest\/"},"modified":"2021-05-31T10:25:28","modified_gmt":"2021-05-31T15:25:28","slug":"regions-interlake-and-east","status":"publish","type":"page","link":"https:\/\/santeenfrancais.com\/en\/regions-interlake-and-east\/","title":{"rendered":"Regions \/ Interlake and East"},"content":{"rendered":"<p>[et_pb_section fb_built=&#8221;1&#8243; _builder_version=&#8221;4.4.1&#8243; background_image=&#8221;https:\/\/santeenfrancais.com\/wp-content\/uploads\/2020\/04\/header-bg-desktop.png&#8221; background_size=&#8221;contain&#8221; background_position=&#8221;top_center&#8221;][et_pb_row _builder_version=&#8221;4.4.1&#8243;][et_pb_column type=&#8221;4_4&#8243; _builder_version=&#8221;4.4.1&#8243;][et_pb_post_title meta=&#8221;off&#8221; _builder_version=&#8221;4.4.1&#8243; title_font_size=&#8221;40px&#8221; border_color_all=&#8221;#004175&#8243; border_width_bottom=&#8221;1px&#8221;][\/et_pb_post_title][\/et_pb_column][\/et_pb_row][et_pb_row column_structure=&#8221;3_5,2_5&#8243; module_class=&#8221;custom_row&#8221; _builder_version=&#8221;4.7.7&#8243; background_size=&#8221;initial&#8221; background_position=&#8221;top_left&#8221; background_repeat=&#8221;repeat&#8221;][et_pb_column type=&#8221;3_5&#8243; module_class=&#8221;second-on-mobile&#8221; _builder_version=&#8221;4.7.4&#8243; custom_padding=&#8221;|||&#8221; custom_padding__hover=&#8221;|||&#8221;][et_pb_text _builder_version=&#8221;4.7.4&#8243; background_size=&#8221;initial&#8221; background_position=&#8221;top_left&#8221; background_repeat=&#8221;repeat&#8221;]<\/p>\n<h2>Office r\u00e9gional de la sant\u00e9 d&#8217;Entre-les-Lacs et de l&#8217;Est<\/h2>\n<p>[\/et_pb_text][et_pb_blurb image=&#8221;https:\/\/santeenfrancais.com\/wp-content\/uploads\/2020\/12\/entre-les-lacs_est_1.png&#8221; icon_placement=&#8221;left&#8221; module_class=&#8221;mapimg&#8221; _builder_version=&#8221;4.7.7&#8243; _module_preset=&#8221;default&#8221;]233 A, rue Main<br \/>\nSelkirk, Manitoba, <span class=\"word-wrap\">R1A 1S1<\/span><br \/>\nT\u00e9l.\u00a0:\u00a0204 785-4700 ou 855 347-8500<br \/>\nT\u00e9l\u00e9c.\u00a0:\u00a0204 785-9113<br \/>\n<a href=\"http:\/\/www.ierha.ca\/\" class=\"url\" target=\"_blank\" rel=\"noopener noreferrer\">http:\/\/www.ierha.ca<\/a>[\/et_pb_blurb][et_pb_divider divider_position=&#8221;center&#8221; _builder_version=&#8221;4.7.4&#8243; _module_preset=&#8221;default&#8221;][\/et_pb_divider][et_pb_text _builder_version=&#8221;4.7.4&#8243; _module_preset=&#8221;default&#8221;]<\/p>\n<h3>\u00c9tablissements de sant\u00e9 d\u00e9sign\u00e9s\u00a0bilingues<\/h3>\n<p>&nbsp;<\/p>\n<hr style=\"margin-top: -10px; margin-bottom: 20px; border: 1px solid #e6eff6;\" \/>\n<h4>Centre communautaire de sant\u00e9 de Saint-Laurent community Health Office<\/h4>\n<p>Case postale 130<br \/>1, all\u00e9e Parish<br \/>Saint-Laurent, Manitoba, R0C 2S0<br \/>T\u00e9l.\u00a0:\u00a0204 646-2504<br \/>T\u00e9l\u00e9c.\u00a0:\u00a0204 646-2394<\/p>\n<hr style=\"margin-top: 10px; margin-bottom: 20px; border: 1px solid #e6eff6;\" \/>\n<h4>Centre de sant\u00e9 Pine Falls Health Complex<\/h4>\n<p>Case postale 2000<br \/>37, rue Maple<br \/>Pine Falls, Manitoba, R0E 1M0<br \/>T\u00e9l.\u00a0:\u00a0204 367-4441<br \/>T\u00e9l\u00e9c. : 204 367-2968<\/p>\n<hr style=\"margin-top: 20px; margin-bottom: 20px; border: 1px solid #e6eff6;\" \/>[\/et_pb_text][\/et_pb_column][et_pb_column type=&#8221;2_5&#8243; module_class=&#8221;first-on-mobile&#8221; _builder_version=&#8221;4.7.7&#8243; background_color=&#8221;#e6eff6&#8243; custom_padding=&#8221;25px|25px|25px|25px|true|true&#8221; custom_padding_tablet=&#8221;&#8221; custom_padding_phone=&#8221;|5px||20px|true|false&#8221; custom_padding_last_edited=&#8221;on|phone&#8221; border_radii=&#8221;on|30px|30px|30px|30px&#8221;][et_pb_text _builder_version=&#8221;4.7.7&#8243; _module_preset=&#8221;default&#8221; custom_margin=&#8221;||5px||false|false&#8221; custom_margin_tablet=&#8221;||8px||false|false&#8221; custom_margin_phone=&#8221;||10px||false|false&#8221; custom_margin_last_edited=&#8221;on|phone&#8221; custom_padding_tablet=&#8221;&#8221; custom_padding_phone=&#8221;||0px||false|false&#8221; custom_padding_last_edited=&#8221;on|phone&#8221; saved_tabs=&#8221;all&#8221;]<\/p>\n<h2>Regions<\/h2>\n<p>[\/et_pb_text][et_pb_sidebar area=&#8221;et_pb_widget_area_3&#8243; show_border=&#8221;off&#8221; module_class=&#8221;custom-sidebar&#8221; _builder_version=&#8221;4.7.4&#8243; _module_preset=&#8221;default&#8221; body_font=&#8221;Roboto Slab||||||||&#8221; body_text_color=&#8221;#004175&#8243; custom_margin=&#8221;||-1px||false|false&#8221; custom_padding=&#8221;||0px||false|false&#8221;][\/et_pb_sidebar][et_pb_blurb use_icon=&#8221;on&#8221; font_icon=&#8221;%%2%%&#8221; icon_placement=&#8221;left&#8221; use_icon_font_size=&#8221;on&#8221; icon_font_size=&#8221;30px&#8221; _builder_version=&#8221;4.8.1&#8243; _module_preset=&#8221;default&#8221; width_tablet=&#8221;&#8221; width_phone=&#8221;&#8221; width_last_edited=&#8221;on|desktop&#8221; module_alignment=&#8221;left&#8221; link_option_url=&#8221;https:\/\/santeenfrancais.com\/en\/designated-bilingual-organizations\/&#8221;]<\/p>\n<p>Return to Designated Bilingual Organizations<\/p>\n<p>[\/et_pb_blurb][\/et_pb_column][\/et_pb_row][\/et_pb_section]<\/p>\n","protected":false},"excerpt":{"rendered":"<p>Office r\u00e9gional de la sant\u00e9 d&#8217;Entre-les-Lacs et de l&#8217;Est233 A, rue Main Selkirk, Manitoba, R1A 1S1 T\u00e9l.\u00a0:\u00a0204 785-4700 ou 855 347-8500 T\u00e9l\u00e9c.\u00a0:\u00a0204 785-9113 http:\/\/www.ierha.ca\u00c9tablissements de sant\u00e9 d\u00e9sign\u00e9s\u00a0bilingues &nbsp; Centre communautaire de sant\u00e9 de Saint-Laurent community Health Office Case postale 1301, all\u00e9e ParishSaint-Laurent, Manitoba, R0C 2S0T\u00e9l.\u00a0:\u00a0204 646-2504T\u00e9l\u00e9c.\u00a0:\u00a0204 646-2394 Centre de sant\u00e9 Pine Falls Health Complex Case postale 200037, rue MaplePine Falls, Manitoba, R0E 1M0T\u00e9l.\u00a0:\u00a0204 367-4441T\u00e9l\u00e9c. : 204 367-2968 RegionsReturn to Designated Bilingual Organizations<\/p>\n","protected":false},"author":35,"featured_media":0,"parent":0,"menu_order":0,"comment_status":"closed","ping_status":"closed","template":"","meta":{"_et_pb_use_builder":"on","_et_pb_old_content":"","_et_gb_content_width":"","footnotes":""},"class_list":["post-224011","page","type-page","status-publish","hentry"],"_links":{"self":[{"href":"https:\/\/santeenfrancais.com\/en\/wp-json\/wp\/v2\/pages\/224011","targetHints":{"allow":["GET"]}}],"collection":[{"href":"https:\/\/santeenfrancais.com\/en\/wp-json\/wp\/v2\/pages"}],"about":[{"href":"https:\/\/santeenfrancais.com\/en\/wp-json\/wp\/v2\/types\/page"}],"author":[{"embeddable":true,"href":"https:\/\/santeenfrancais.com\/en\/wp-json\/wp\/v2\/users\/35"}],"replies":[{"embeddable":true,"href":"https:\/\/santeenfrancais.com\/en\/wp-json\/wp\/v2\/comments?post=224011"}],"version-history":[{"count":5,"href":"https:\/\/santeenfrancais.com\/en\/wp-json\/wp\/v2\/pages\/224011\/revisions"}],"predecessor-version":[{"id":224654,"href":"https:\/\/santeenfrancais.com\/en\/wp-json\/wp\/v2\/pages\/224011\/revisions\/224654"}],"wp:attachment":[{"href":"https:\/\/santeenfrancais.com\/en\/wp-json\/wp\/v2\/media?parent=224011"}],"curies":[{"name":"wp","href":"https:\/\/api.w.org\/{rel}","templated":true}]}}