{"id":224013,"date":"2020-12-04T16:26:19","date_gmt":"2020-12-04T22:26:19","guid":{"rendered":"https:\/\/santeenfrancais.com\/regions-nord\/"},"modified":"2021-01-28T12:45:18","modified_gmt":"2021-01-28T18:45:18","slug":"regions-north","status":"publish","type":"page","link":"https:\/\/santeenfrancais.com\/en\/regions-north\/","title":{"rendered":"Regions \/ North"},"content":{"rendered":"<p>[et_pb_section fb_built=&#8221;1&#8243; _builder_version=&#8221;4.4.1&#8243; background_image=&#8221;https:\/\/santeenfrancais.com\/wp-content\/uploads\/2020\/04\/header-bg-desktop.png&#8221; background_size=&#8221;contain&#8221; background_position=&#8221;top_center&#8221;][et_pb_row _builder_version=&#8221;4.4.1&#8243;][et_pb_column type=&#8221;4_4&#8243; _builder_version=&#8221;4.4.1&#8243;][et_pb_post_title meta=&#8221;off&#8221; _builder_version=&#8221;4.4.1&#8243; title_font_size=&#8221;40px&#8221; border_color_all=&#8221;#004175&#8243; border_width_bottom=&#8221;1px&#8221;][\/et_pb_post_title][\/et_pb_column][\/et_pb_row][et_pb_row column_structure=&#8221;3_5,2_5&#8243; module_class=&#8221;custom_row&#8221; _builder_version=&#8221;4.7.7&#8243; background_size=&#8221;initial&#8221; background_position=&#8221;top_left&#8221; background_repeat=&#8221;repeat&#8221;][et_pb_column type=&#8221;3_5&#8243; module_class=&#8221;second-on-mobile&#8221; _builder_version=&#8221;4.7.4&#8243; custom_padding=&#8221;|||&#8221; custom_padding__hover=&#8221;|||&#8221;][et_pb_text _builder_version=&#8221;4.7.4&#8243; background_size=&#8221;initial&#8221; background_position=&#8221;top_left&#8221; background_repeat=&#8221;repeat&#8221;]<\/p>\n<h2>Office r\u00e9gional de la sant\u00e9 du Nord<\/h2>\n<p>[\/et_pb_text][et_pb_blurb image=&#8221;https:\/\/santeenfrancais.com\/wp-content\/uploads\/2020\/12\/nord.png&#8221; icon_placement=&#8221;left&#8221; module_class=&#8221;mapimg&#8221; _builder_version=&#8221;4.7.4&#8243; _module_preset=&#8221;default&#8221;]<\/p>\n<p>C. P. 130<br \/> 84, rue Church<br \/> Flin Flon, Manitoba, R8A 1M7<br \/> T\u00e9l. : 204 687-1300<br \/> <a href=\"http:\/\/www.northernhealthregion.ca\" target=\"_blank\" rel=\"noopener noreferrer\">http:\/\/www.northernhealthregion.ca<\/a><\/p>\n<p>[\/et_pb_blurb][et_pb_divider divider_position=&#8221;center&#8221; _builder_version=&#8221;4.7.4&#8243; _module_preset=&#8221;default&#8221;][\/et_pb_divider][et_pb_text disabled_on=&#8221;off|off|off&#8221; _builder_version=&#8221;4.8.1&#8243; _module_preset=&#8221;default&#8221;]<\/p>\n<h3>L\u2019Office r\u00e9gional de la sant\u00e9 du Nord n\u2019est pas une r\u00e9gion d\u00e9sign\u00e9e bilingue.<\/h3>\n<p>[\/et_pb_text][\/et_pb_column][et_pb_column type=&#8221;2_5&#8243; module_class=&#8221;first-on-mobile&#8221; _builder_version=&#8221;4.7.7&#8243; background_color=&#8221;#e6eff6&#8243; custom_padding=&#8221;25px|25px|25px|25px|true|true&#8221; custom_padding_tablet=&#8221;&#8221; custom_padding_phone=&#8221;|5px||20px|true|false&#8221; custom_padding_last_edited=&#8221;on|phone&#8221; border_radii=&#8221;on|30px|30px|30px|30px&#8221;][et_pb_text _builder_version=&#8221;4.7.7&#8243; _module_preset=&#8221;default&#8221; custom_margin=&#8221;||5px||false|false&#8221; custom_margin_tablet=&#8221;||8px||false|false&#8221; custom_margin_phone=&#8221;||10px||false|false&#8221; custom_margin_last_edited=&#8221;on|phone&#8221; custom_padding_tablet=&#8221;&#8221; custom_padding_phone=&#8221;||0px||false|false&#8221; custom_padding_last_edited=&#8221;on|phone&#8221;]<\/p>\n<h2>Regions<\/h2>\n<p>[\/et_pb_text][et_pb_sidebar area=&#8221;et_pb_widget_area_3&#8243; show_border=&#8221;off&#8221; module_class=&#8221;custom-sidebar&#8221; _builder_version=&#8221;4.7.4&#8243; _module_preset=&#8221;default&#8221; body_font=&#8221;Roboto Slab||||||||&#8221; body_text_color=&#8221;#004175&#8243; custom_margin=&#8221;||-1px||false|false&#8221; custom_padding=&#8221;||0px||false|false&#8221;][\/et_pb_sidebar][et_pb_blurb use_icon=&#8221;on&#8221; font_icon=&#8221;%%2%%&#8221; icon_placement=&#8221;left&#8221; use_icon_font_size=&#8221;on&#8221; icon_font_size=&#8221;30px&#8221; _builder_version=&#8221;4.8.1&#8243; _module_preset=&#8221;default&#8221; width_tablet=&#8221;&#8221; width_phone=&#8221;&#8221; width_last_edited=&#8221;on|desktop&#8221; module_alignment=&#8221;left&#8221; link_option_url=&#8221;https:\/\/santeenfrancais.com\/en\/designated-bilingual-organizations\/&#8221; hover_enabled=&#8221;0&#8243; sticky_enabled=&#8221;0&#8243;]<\/p>\n<p>Return to Designated Bilingual Organizations<\/p>\n<p>[\/et_pb_blurb][\/et_pb_column][\/et_pb_row][\/et_pb_section]<\/p>\n","protected":false},"excerpt":{"rendered":"<p>Office r\u00e9gional de la sant\u00e9 du NordC. P. 130 84, rue Church Flin Flon, Manitoba, R8A 1M7 T\u00e9l. : 204 687-1300 http:\/\/www.northernhealthregion.caL\u2019Office r\u00e9gional de la sant\u00e9 du Nord n\u2019est pas une r\u00e9gion d\u00e9sign\u00e9e bilingue.RegionsReturn to Designated Bilingual Organizations<\/p>\n","protected":false},"author":35,"featured_media":0,"parent":0,"menu_order":0,"comment_status":"closed","ping_status":"closed","template":"","meta":{"_et_pb_use_builder":"on","_et_pb_old_content":"","_et_gb_content_width":"","footnotes":""},"class_list":["post-224013","page","type-page","status-publish","hentry"],"_links":{"self":[{"href":"https:\/\/santeenfrancais.com\/en\/wp-json\/wp\/v2\/pages\/224013","targetHints":{"allow":["GET"]}}],"collection":[{"href":"https:\/\/santeenfrancais.com\/en\/wp-json\/wp\/v2\/pages"}],"about":[{"href":"https:\/\/santeenfrancais.com\/en\/wp-json\/wp\/v2\/types\/page"}],"author":[{"embeddable":true,"href":"https:\/\/santeenfrancais.com\/en\/wp-json\/wp\/v2\/users\/35"}],"replies":[{"embeddable":true,"href":"https:\/\/santeenfrancais.com\/en\/wp-json\/wp\/v2\/comments?post=224013"}],"version-history":[{"count":3,"href":"https:\/\/santeenfrancais.com\/en\/wp-json\/wp\/v2\/pages\/224013\/revisions"}],"predecessor-version":[{"id":224037,"href":"https:\/\/santeenfrancais.com\/en\/wp-json\/wp\/v2\/pages\/224013\/revisions\/224037"}],"wp:attachment":[{"href":"https:\/\/santeenfrancais.com\/en\/wp-json\/wp\/v2\/media?parent=224013"}],"curies":[{"name":"wp","href":"https:\/\/api.w.org\/{rel}","templated":true}]}}