{"id":224015,"date":"2020-12-04T16:42:10","date_gmt":"2020-12-04T22:42:10","guid":{"rendered":"https:\/\/santeenfrancais.com\/regions-sante-prairie-mountain\/"},"modified":"2021-05-31T10:42:13","modified_gmt":"2021-05-31T15:42:13","slug":"regions-prairie-mountain-health","status":"publish","type":"page","link":"https:\/\/santeenfrancais.com\/en\/regions-prairie-mountain-health\/","title":{"rendered":"Regions \/ Prairie Mountain Health"},"content":{"rendered":"<p>[et_pb_section fb_built=&#8221;1&#8243; _builder_version=&#8221;4.4.1&#8243; background_image=&#8221;https:\/\/santeenfrancais.com\/wp-content\/uploads\/2020\/04\/header-bg-desktop.png&#8221; background_size=&#8221;contain&#8221; background_position=&#8221;top_center&#8221;][et_pb_row _builder_version=&#8221;4.4.1&#8243;][et_pb_column type=&#8221;4_4&#8243; _builder_version=&#8221;4.4.1&#8243;][et_pb_post_title meta=&#8221;off&#8221; _builder_version=&#8221;4.4.1&#8243; title_font_size=&#8221;40px&#8221; border_color_all=&#8221;#004175&#8243; border_width_bottom=&#8221;1px&#8221;][\/et_pb_post_title][\/et_pb_column][\/et_pb_row][et_pb_row column_structure=&#8221;3_5,2_5&#8243; module_class=&#8221;custom_row&#8221; _builder_version=&#8221;4.7.7&#8243; background_size=&#8221;initial&#8221; background_position=&#8221;top_left&#8221; background_repeat=&#8221;repeat&#8221;][et_pb_column type=&#8221;3_5&#8243; module_class=&#8221;second-on-mobile&#8221; _builder_version=&#8221;4.7.4&#8243; custom_padding=&#8221;|||&#8221; custom_padding__hover=&#8221;|||&#8221;][et_pb_text _builder_version=&#8221;4.7.4&#8243; background_size=&#8221;initial&#8221; background_position=&#8221;top_left&#8221; background_repeat=&#8221;repeat&#8221;]<\/p>\n<h2>Sant\u00e9 Prairie Mountain<\/h2>\n<p>[\/et_pb_text][et_pb_blurb image=&#8221;https:\/\/santeenfrancais.com\/wp-content\/uploads\/2020\/12\/ouest.png&#8221; icon_placement=&#8221;left&#8221; module_class=&#8221;mapimg&#8221; _builder_version=&#8221;4.7.7&#8243; _module_preset=&#8221;default&#8221;]<\/p>\n<p>C.P. 579<br \/> 192, 1<sup>re<\/sup> avenue Ouest<br \/> Souris, Manitoba, R0K 2C0<br \/> T\u00e9l. : 204 483-5000 ou 888 682-2253<br \/> T\u00e9l\u00e9c. : 204 483-5005<br \/> <a href=\"http:\/\/www.prairiemountainhealth.ca\/\" target=\"_blank\" rel=\"noopener noreferrer\">http:\/\/www.prairiemountainhealth.ca\/<\/a><\/p>\n<p>[\/et_pb_blurb][et_pb_divider divider_position=&#8221;center&#8221; _builder_version=&#8221;4.7.4&#8243; _module_preset=&#8221;default&#8221;][\/et_pb_divider][et_pb_text disabled_on=&#8221;off|off|off&#8221; _builder_version=&#8221;4.7.7&#8243; _module_preset=&#8221;default&#8221;]<\/p>\n<h3>\u00c9tablissements de sant\u00e9 d\u00e9sign\u00e9s\u00a0bilingues<\/h3>\n<hr style=\"margin-top: 10px; margin-bottom: 20px; border: 1px solid #e6eff6;\" \/>\n<h4>Birtle Health Centre<\/h4>\n<p>Case postale 2000<br \/>843, rue Gertrude<br \/>Birtle, Manitoba, R0M 0C0<br \/>T\u00e9l. : 204 842-3317<br \/>T\u00e9l\u00e9c. : 204 842-3375<br \/><a href=\"https:\/\/www.prairiemountainhealth.ca\/index.php?option=com_content&amp;view=article&amp;id=72\">www.prairiemountainhealth.ca<\/a><\/p>\n<hr style=\"margin-top: 10px; margin-bottom: 20px; border: 1px solid #e6eff6;\" \/>\n<h4>Foyer du Dr Gendreau Personal Care Home<\/h4>\n<p>Case postale 420<br \/>515, rue Mission<br \/>Sainte-Rose-du-Lac, Manitoba, <span class=\"word-wrap\">R0L 1S0<\/span><br \/>T\u00e9l. : 204 447-2019<br \/>T\u00e9l\u00e9c. : 204 447-2267<br \/><a href=\"mailto:gendreau@mts.net\">gendreau@mts.net<\/a><\/p>\n<hr style=\"margin-top: 10px; margin-bottom: 20px; border: 1px solid #e6eff6;\" \/>\n<h4>H\u00f4pital g\u00e9n\u00e9ral de Sainte-Rose<\/h4>\n<p>Case postale 60<br \/>480, 3<sup>e<\/sup> Avenue Sud-Est<br \/>Sainte-Rose-du-Lac, Manitoba, <span class=\"word-wrap\">R0L 1S0<\/span><br \/>T\u00e9l. : 204 447-2181<br \/>T\u00e9l\u00e9c. : 204 447-3370<br \/><a href=\"mailto:srgh@mts.net\">srgh@mts.net<\/a><\/p>\n<hr style=\"margin-top: 10px; margin-bottom: 20px; border: 1px solid #e6eff6;\" \/>\n<h4>Services de sant\u00e9 communautaire de <span class=\"word-wrap\">Sainte-Rose-du-Lac<\/span><\/h4>\n<p>Centre de d\u00e9veloppement Turtle River<br \/>603, 1<sup>\u00e8re<\/sup> avenue Est<br \/>Sainte-Rose-du-Lac, Manitoba, <span class=\"word-wrap\">R0L 1S0<\/span><\/p>\n<hr style=\"margin-top: 20px; margin-bottom: 20px; border: 1px solid #e6eff6;\" \/>[\/et_pb_text][\/et_pb_column][et_pb_column type=&#8221;2_5&#8243; module_class=&#8221;first-on-mobile&#8221; _builder_version=&#8221;4.7.7&#8243; background_color=&#8221;#e6eff6&#8243; custom_padding=&#8221;25px|25px|25px|25px|true|true&#8221; custom_padding_tablet=&#8221;&#8221; custom_padding_phone=&#8221;|5px||20px|true|false&#8221; custom_padding_last_edited=&#8221;on|phone&#8221; border_radii=&#8221;on|30px|30px|30px|30px&#8221;][et_pb_text _builder_version=&#8221;4.7.7&#8243; _module_preset=&#8221;default&#8221; custom_margin=&#8221;||5px||false|false&#8221; custom_margin_tablet=&#8221;||8px||false|false&#8221; custom_margin_phone=&#8221;||10px||false|false&#8221; custom_margin_last_edited=&#8221;on|phone&#8221; custom_padding_tablet=&#8221;&#8221; custom_padding_phone=&#8221;||0px||false|false&#8221; custom_padding_last_edited=&#8221;on|phone&#8221;]<\/p>\n<h2>Regions<\/h2>\n<p>[\/et_pb_text][et_pb_sidebar area=&#8221;et_pb_widget_area_3&#8243; show_border=&#8221;off&#8221; module_class=&#8221;custom-sidebar&#8221; _builder_version=&#8221;4.7.4&#8243; _module_preset=&#8221;default&#8221; body_font=&#8221;Roboto Slab||||||||&#8221; body_text_color=&#8221;#004175&#8243; custom_margin=&#8221;||-1px||false|false&#8221; custom_padding=&#8221;||0px||false|false&#8221;][\/et_pb_sidebar][et_pb_blurb use_icon=&#8221;on&#8221; font_icon=&#8221;%%2%%&#8221; icon_placement=&#8221;left&#8221; use_icon_font_size=&#8221;on&#8221; icon_font_size=&#8221;30px&#8221; _builder_version=&#8221;4.8.1&#8243; _module_preset=&#8221;default&#8221; width_tablet=&#8221;&#8221; width_phone=&#8221;&#8221; width_last_edited=&#8221;on|desktop&#8221; module_alignment=&#8221;left&#8221; link_option_url=&#8221;https:\/\/santeenfrancais.com\/en\/designated-bilingual-organizations\/&#8221;]<\/p>\n<p>Return to Designated Bilingual Organizations<\/p>\n<p>[\/et_pb_blurb][\/et_pb_column][\/et_pb_row][\/et_pb_section]<\/p>\n","protected":false},"excerpt":{"rendered":"<p>Sant\u00e9 Prairie MountainC.P. 579 192, 1re avenue Ouest Souris, Manitoba, R0K 2C0 T\u00e9l. : 204 483-5000 ou 888 682-2253 T\u00e9l\u00e9c. : 204 483-5005 http:\/\/www.prairiemountainhealth.ca\/\u00c9tablissements de sant\u00e9 d\u00e9sign\u00e9s\u00a0bilingues Birtle Health Centre Case postale 2000843, rue GertrudeBirtle, Manitoba, R0M 0C0T\u00e9l. : 204 842-3317T\u00e9l\u00e9c. : 204 842-3375www.prairiemountainhealth.ca Foyer du Dr Gendreau Personal Care Home Case postale 420515, rue MissionSainte-Rose-du-Lac, Manitoba, R0L 1S0T\u00e9l. : 204 447-2019T\u00e9l\u00e9c. : 204 447-2267gendreau@mts.net H\u00f4pital g\u00e9n\u00e9ral de Sainte-Rose Case postale 60480, 3e Avenue Sud-EstSainte-Rose-du-Lac, Manitoba, R0L 1S0T\u00e9l. : 204 447-2181T\u00e9l\u00e9c. : 204 447-3370srgh@mts.net Services de sant\u00e9 communautaire de Sainte-Rose-du-Lac Centre de d\u00e9veloppement Turtle River603, 1\u00e8re avenue EstSainte-Rose-du-Lac, Manitoba, R0L 1S0 RegionsReturn to Designated Bilingual Organizations<\/p>\n","protected":false},"author":35,"featured_media":0,"parent":0,"menu_order":0,"comment_status":"closed","ping_status":"closed","template":"","meta":{"_et_pb_use_builder":"on","_et_pb_old_content":"","_et_gb_content_width":"","footnotes":""},"class_list":["post-224015","page","type-page","status-publish","hentry"],"_links":{"self":[{"href":"https:\/\/santeenfrancais.com\/en\/wp-json\/wp\/v2\/pages\/224015","targetHints":{"allow":["GET"]}}],"collection":[{"href":"https:\/\/santeenfrancais.com\/en\/wp-json\/wp\/v2\/pages"}],"about":[{"href":"https:\/\/santeenfrancais.com\/en\/wp-json\/wp\/v2\/types\/page"}],"author":[{"embeddable":true,"href":"https:\/\/santeenfrancais.com\/en\/wp-json\/wp\/v2\/users\/35"}],"replies":[{"embeddable":true,"href":"https:\/\/santeenfrancais.com\/en\/wp-json\/wp\/v2\/comments?post=224015"}],"version-history":[{"count":3,"href":"https:\/\/santeenfrancais.com\/en\/wp-json\/wp\/v2\/pages\/224015\/revisions"}],"predecessor-version":[{"id":224657,"href":"https:\/\/santeenfrancais.com\/en\/wp-json\/wp\/v2\/pages\/224015\/revisions\/224657"}],"wp:attachment":[{"href":"https:\/\/santeenfrancais.com\/en\/wp-json\/wp\/v2\/media?parent=224015"}],"curies":[{"name":"wp","href":"https:\/\/api.w.org\/{rel}","templated":true}]}}