{"id":224020,"date":"2020-12-04T17:30:17","date_gmt":"2020-12-04T23:30:17","guid":{"rendered":"https:\/\/santeenfrancais.com\/regions-winnipeg\/"},"modified":"2025-10-09T20:34:07","modified_gmt":"2025-10-10T01:34:07","slug":"regions-winnipeg","status":"publish","type":"page","link":"https:\/\/santeenfrancais.com\/en\/regions-winnipeg\/","title":{"rendered":"Regions \/ Winnipeg"},"content":{"rendered":"<p>[et_pb_section fb_built=&#8221;1&#8243; _builder_version=&#8221;4.16&#8243; background_image=&#8221;https:\/\/santeenfrancais.com\/wp-content\/uploads\/2020\/04\/header-bg-desktop.png&#8221; background_size=&#8221;contain&#8221; background_position=&#8221;top_center&#8221; global_colors_info=&#8221;{}&#8221;][et_pb_row _builder_version=&#8221;4.16&#8243; global_colors_info=&#8221;{}&#8221;][et_pb_column type=&#8221;4_4&#8243; _builder_version=&#8221;4.16&#8243; global_colors_info=&#8221;{}&#8221;][et_pb_post_title meta=&#8221;off&#8221; _builder_version=&#8221;4.16&#8243; title_font_size=&#8221;40px&#8221; border_color_all=&#8221;#004175&#8243; border_width_bottom=&#8221;1px&#8221; global_colors_info=&#8221;{}&#8221;][\/et_pb_post_title][\/et_pb_column][\/et_pb_row][et_pb_row column_structure=&#8221;3_5,2_5&#8243; module_class=&#8221;custom_row&#8221; _builder_version=&#8221;4.16&#8243; background_size=&#8221;initial&#8221; background_position=&#8221;top_left&#8221; background_repeat=&#8221;repeat&#8221; global_colors_info=&#8221;{}&#8221;][et_pb_column type=&#8221;3_5&#8243; module_class=&#8221;second-on-mobile&#8221; _builder_version=&#8221;4.16&#8243; custom_padding=&#8221;|||&#8221; global_colors_info=&#8221;{}&#8221; custom_padding__hover=&#8221;|||&#8221;][et_pb_text _builder_version=&#8221;4.16&#8243; background_size=&#8221;initial&#8221; background_position=&#8221;top_left&#8221; background_repeat=&#8221;repeat&#8221; global_colors_info=&#8221;{}&#8221;]<\/p>\n<h2>Office r\u00e9gional de la sant\u00e9 de Winnipeg<\/h2>\n<p>[\/et_pb_text][et_pb_blurb image=&#8221;https:\/\/santeenfrancais.com\/wp-content\/uploads\/2020\/12\/winnipeg.png&#8221; icon_placement=&#8221;left&#8221; module_class=&#8221;mapimg&#8221; _builder_version=&#8221;4.16&#8243; _module_preset=&#8221;default&#8221; global_colors_info=&#8221;{}&#8221;]<\/p>\n<p>650, rue Main<br \/> Winnipeg, Manitoba, <span class=\"word-wrap\">R3B 1E2<\/span><br \/> T\u00e9l. : 204 926-7000<br \/> T\u00e9l\u00e9c. : 204 926-7007<br \/><a href=\"http:\/\/www.wrha.mb.ca\/fr\/\" target=\"_blank\" rel=\"noopener noreferrer\">www.wrha.mb.ca<\/a> <br \/><a href=\"http:\/\/www.churchillhealthcentre.com\/\" target=\"_blank\" rel=\"noopener noreferrer\">www.churchillhealthcentre.com<\/a><\/p>\n<p>[\/et_pb_blurb][et_pb_divider divider_position=&#8221;center&#8221; _builder_version=&#8221;4.16&#8243; _module_preset=&#8221;default&#8221; global_colors_info=&#8221;{}&#8221;][\/et_pb_divider][et_pb_text disabled_on=&#8221;off|off|off&#8221; _builder_version=&#8221;4.27.4&#8243; _module_preset=&#8221;default&#8221; locked=&#8221;off&#8221; global_colors_info=&#8221;{}&#8221;]<\/p>\n<h3>Agences d\u00e9sign\u00e9es bilingues en services sociaux<\/h3>\n<hr style=\"margin-top: 10px; margin-bottom: 20px; border: 1px solid #e6eff6;\" \/>\n<h4>Centre de traitement des adolescents et des adolescentes du Manitoba \/ Manitoba Adolescent Treatment Centre (MATC)<\/h4>\n<p>120, rue Tecumseh<br \/>Winnipeg, Manitoba, R3E 2A9<br \/>T\u00e9l. : 204 477-6391<br \/>T\u00e9l\u00e9c. : 204 783-8948<br \/><a href=\":mailto:info@matc.ca\">info@matc.ca<\/a><br \/><a href=\"http:\/\/www.matc.ca\" target=\"_blank\" rel=\"noopener noreferrer\">matc.ca<\/a><\/p>\n<hr style=\"margin-top: 10px; margin-bottom: 20px; border: 1px solid #e6eff6;\" \/>\n<h4>Centre Youville<\/h4>\n<p>33, rue Marion<br \/>Winnipeg, Manitoba, R2H 0S8<br \/>T\u00e9l. : 204 255-4840<br \/>T\u00e9l\u00e9c. : 204 255-4903<\/p>\n<hr style=\"margin-top: 10px; margin-bottom: 20px; border: 1px solid #e6eff6;\" \/>\n<h4>Entre-Temps des <span class=\"word-wrap\">Franco-Manitobaines<\/span><\/h4>\n<p>CP 183<br \/>Winnipeg, Manitoba, R2H 3B4<br \/>T\u00e9l. : 204 925-2550<br \/>T\u00e9l\u00e9c. : 204 925-2551<br \/><a href=\"mailto:etfm@mts.net\">etfm@mts.net<\/a><\/p>\n<hr style=\"margin-top: 10px; margin-bottom: 20px; border: 1px solid #e6eff6;\" \/>\n<h4>INCA<\/h4>\n<p>1080, av Portage<br \/>Winnipeg, Manitoba, R3G 3M3<br \/>T\u00e9l. : 204 774-5421<br \/>T\u00e9l\u00e9c. : 204 775-5090<br \/><a href=\"mailto:manitoba@cnib.ca\">manitoba@cnib.ca<\/a><br \/><a href=\"http:\/\/cnib.ca\/fr\/Pages\/default.aspx\" target=\"_blank\" rel=\"noopener noreferrer\">cnib.ca<\/a><\/p>\n<hr style=\"margin-top: 10px; margin-bottom: 20px; border: 1px solid #e6eff6;\" \/>\n<h4>L\u2019Arche Winnipeg<\/h4>\n<p>118, av Regent E<br \/>Winnipeg, Manitoba, R2C 0C1<br \/>T\u00e9l. : 204 237-0300<br \/>T\u00e9l\u00e9c. : 204 237-0316<br \/><a href=\"mailto:office@larchewinnipeg.org\">office@larchewinnipeg.org<\/a><br \/><a href=\"http:\/\/www.larchewinnipeg.org\" target=\"_blank\" rel=\"noopener noreferrer\">larchewinnipeg.org<\/a><\/p>\n<hr style=\"margin-top: 10px; margin-bottom: 20px; border: 1px solid #e6eff6;\" \/>\n<h4>Manitoba Possible (anciennement Society for Manitobans with Disabilities)<\/h4>\n<p>1857, avenue Notre Dame<br \/>Winnipeg, Manitoba, R3E 3E7<br \/>T\u00e9l. : 204 975-3010 ou 1-866 282-8041<br \/>T\u00e9l\u00e9c. : 204 975-3073<br \/><a href=\"mailto:info@smd.mb.ca\">info@smd.mb.ca<\/a><br \/><a href=\"https:\/\/www.manitobapossible.ca\/\">manitobapossible.ca<\/a><\/p>\n<hr style=\"margin-top: 10px; margin-bottom: 20px; border: 1px solid #e6eff6;\" \/>\n<h4>Sara Riel Inc.<\/h4>\n<p>101 &#8211; 66, avenue Moor<br \/>Winnipeg, Manitoba, R2M 2C4<br \/>T\u00e9l. : 204 237-7165<br \/>T\u00e9l\u00e9c. : 204 233-2564<br \/><a href=\"mailto:info@sarariel.com\">info@sarariel.com<\/a><br \/><a href=\"https:\/\/sarariel.ca\/\">sarariel.ca<\/a><\/p>\n<hr style=\"margin-top: 10px; margin-bottom: 20px; border: 1px solid #e6eff6;\" \/>\n<h4>Service de rel\u00e8ve communautaire<\/h4>\n<p>1155, av. Notre Dame<br \/>Winnipeg, Manitoba, R3E 3G1<br \/>T\u00e9l. : 204 953-2400<br \/>T\u00e9l\u00e9c. : 204 775-6214<br \/><a href=\"mailto:comresp@mts.net\">comresp@mts.net<\/a><br \/><a href=\"http:\/\/www.communityrespiteservice.ca\" target=\"_blank\" rel=\"noopener noreferrer\">communityrespiteservice.ca<\/a><\/p>\n<hr style=\"margin-top: 10px; margin-bottom: 20px; border: 1px solid #e6eff6;\" \/>\n<h4>Spinal Cord Injury Manitoba &#8211; L\u00e9sions m\u00e9dullaires Manitoba<\/h4>\n<p>825, rue Sherbrook, bur 211<br \/>Winnipeg, Manitoba, R3A 1M5<br \/>T\u00e9l. : 204 786-4753 ou 1-800 720-4933<br \/>T\u00e9l\u00e9c. : 204 786-1140<br \/><a href=\"mailto:info@scimanitoba.ca\">info@scimanitoba.ca<\/a><br \/><a href=\"http:\/\/www.scimanitoba.ca\/\" target=\"_blank\" rel=\"noopener noreferrer\">scimanitoba.ca\/<\/a><\/p>\n<hr style=\"margin-top: 10px; margin-bottom: 20px; border: 1px solid #e6eff6;\" \/>\n<h4>Centre St. Amant<\/h4>\n<p>440, chemin River<br \/>Winnipeg, Manitoba, R2M 3Z9<br \/>T\u00e9l. : 204 256-4301<br \/>T\u00e9l\u00e9c. : 204 257-4349<br \/><a href=\"mailto:inquiries@stamant.mb.ca\">inquiries@stamant.mb.ca<\/a><br \/><a href=\"http:\/\/stamant.ca\/fr\/\" target=\"_blank\" rel=\"noopener noreferrer\">stamant.ca<\/a><\/p>\n<hr style=\"margin-top: 20px; margin-bottom: 20px; border: 1px solid #e6eff6;\" \/>[\/et_pb_text][et_pb_divider divider_position=&#8221;center&#8221; _builder_version=&#8221;4.16&#8243; _module_preset=&#8221;default&#8221; global_colors_info=&#8221;{}&#8221;][\/et_pb_divider][et_pb_text disabled_on=&#8221;off|off|off&#8221; _builder_version=&#8221;4.27.4&#8243; _module_preset=&#8221;default&#8221; locked=&#8221;off&#8221; global_colors_info=&#8221;{}&#8221;]<\/p>\n<h3>Agences d\u00e9sign\u00e9es bilingues en services sociaux<\/h3>\n<hr style=\"margin-top: 10px; margin-bottom: 20px; border: 1px solid #e6eff6;\" \/>\n<h4>Centre Flavie-Laurent<\/h4>\n<p>301 Archibald, Winnipeg, MB, R2J 0W6<br \/>204-231-9513<br \/><a href=\"https:\/\/centreflavie.com\/\">centreflavie.com<\/a><\/p>\n<hr style=\"margin-top: 10px; margin-bottom: 20px; border: 1px solid #e6eff6;\" \/>\n<h4>Centre Youville<\/h4>\n<p>33, rue Marion<br \/>Winnipeg, Manitoba, R2H 0S8<br \/>T\u00e9l. : 204 255-4840<br \/>T\u00e9l\u00e9c. : 204 255-4903<br \/><a href=\"https:\/\/www.youville.ca\/%20\">youville.ca<\/a><\/p>\n<hr style=\"margin-top: 10px; margin-bottom: 20px; border: 1px solid #e6eff6;\" \/>\n<h4>ChezRachel<\/h4>\n<p>CP 183<br \/>Winnipeg, Manitoba, R2H 3B4<br \/>T\u00e9l. : 204 925-2550<br \/>T\u00e9l\u00e9c. : 204 925-2551<br \/><span lang=\"EN-US\"><span lang=\"FR-CA\"><a href=\"mailto:admin@chezrachel.ca\">admin@chezrachel.ca<\/a><br \/><\/span><\/span><span lang=\"EN-US\"><span lang=\"FR-CA\"><a href=\"https:\/\/chezrachel.ca\/\">chezrachel.ca<\/a><\/span><\/span><\/p>\n<hr style=\"margin-top: 10px; margin-bottom: 20px; border: 1px solid #e6eff6;\" \/>\n<h4>L\u2019Arche Winnipeg<\/h4>\n<p>118, av Regent E<br \/>Winnipeg, Manitoba, R2C 0C1<br \/>T\u00e9l. : 204 237-0300<br \/>T\u00e9l\u00e9c. : 204 237-0316<br \/><a href=\"mailto:office@larchewinnipeg.org\">office@larchewinnipeg.org<\/a><br \/><a href=\"http:\/\/www.larchewinnipeg.org\" target=\"_blank\" rel=\"noopener noreferrer\">larchewinnipeg.org<\/a><\/p>\n<hr style=\"margin-top: 10px; margin-bottom: 20px; border: 1px solid #e6eff6;\" \/>\n<h4>Manitoba Possible (anciennement Society for Manitobans with Disabilities)<\/h4>\n<p>1857, avenue Notre Dame<br \/>Winnipeg, Manitoba, R3E 3E7<br \/>T\u00e9l. : 204 975-3010 ou 1-866 282-8041<br \/>T\u00e9l\u00e9c. : 204 975-3073<br \/><a href=\"mailto:info@smd.mb.ca\">info@smd.mb.ca<\/a><br \/><a href=\"https:\/\/www.manitobapossible.ca\/\">manitobapossible.ca<\/a><\/p>\n<hr style=\"margin-top: 10px; margin-bottom: 20px; border: 1px solid #e6eff6;\" \/>\n<h4>MBS Residence<\/h4>\n<p>213 unit\u00e9 9 St. Mary\u2019s Rd, Winnipeg, MB R2H 1J2<br \/>204-233-5363<br \/><a href=\"https:\/\/fr.mbsresidence.ca\/\">https:\/\/fr.mbsresidence.ca\/<\/a><\/p>\n<hr style=\"margin-top: 10px; margin-bottom: 20px; border: 1px solid #e6eff6;\" \/>\n<h4>R\u00e9adaptation en d\u00e9ficience visuelle\/ Vision Loss Rehabilitation Center<\/h4>\n<p>1080 Portage ave, Winnipeg, MB R3G 3M3<br \/>1-844-887-8572<br \/><a href=\"https:\/\/visionlossrehab.ca\/fr\">https:\/\/visionlossrehab.ca\/fr<\/a><\/p>\n<hr style=\"margin-top: 10px; margin-bottom: 20px; border: 1px solid #e6eff6;\" \/>\n<h4>Sara Riel Inc.<\/h4>\n<p>101 &#8211; 66, avenue Moor<br \/>Winnipeg, Manitoba, R2M 2C4<br \/>T\u00e9l. : 204 237-7165<br \/>T\u00e9l\u00e9c. : 204 233-2564<br \/><a href=\"mailto:info@sarariel.com\">info@sarariel.com<\/a><br \/><a href=\"https:\/\/sarariel.ca\/\">sarariel.ca<\/a><\/p>\n<hr style=\"margin-top: 10px; margin-bottom: 20px; border: 1px solid #e6eff6;\" \/>\n<h4>Service de rel\u00e8ve communautaire<\/h4>\n<p>1155, av. Notre Dame<br \/>Winnipeg, Manitoba, R3E 3G1<br \/>T\u00e9l. : 204 953-2400<br \/>T\u00e9l\u00e9c. : 204 775-6214<br \/><a href=\"mailto:comresp@mts.net\">comresp@mts.net<\/a><br \/><a href=\"http:\/\/www.communityrespiteservice.ca\" target=\"_blank\" rel=\"noopener noreferrer\">communityrespiteservice.ca<\/a><\/p>\n<hr style=\"margin-top: 10px; margin-bottom: 20px; border: 1px solid #e6eff6;\" \/>\n<h4>St. Amant<\/h4>\n<p>440, chemin River<br \/>Winnipeg, Manitoba, R2M 3Z9<br \/>T\u00e9l. : 204 256-4301<br \/>T\u00e9l\u00e9c. : 204 257-4349<br \/><a href=\"mailto:inquiries@stamant.mb.ca\">inquiries@stamant.mb.ca<\/a><br \/><a href=\"http:\/\/stamant.ca\/fr\/\" target=\"_blank\" rel=\"noopener noreferrer\">stamant.ca<\/a><\/p>\n<hr style=\"margin-top: 20px; margin-bottom: 20px; border: 1px solid #e6eff6;\" \/>[\/et_pb_text][\/et_pb_column][et_pb_column type=&#8221;2_5&#8243; module_class=&#8221;first-on-mobile&#8221; _builder_version=&#8221;4.16&#8243; background_color=&#8221;#e6eff6&#8243; custom_padding=&#8221;25px|25px|25px|25px|true|true&#8221; custom_padding_tablet=&#8221;&#8221; custom_padding_phone=&#8221;|5px||20px|true|false&#8221; custom_padding_last_edited=&#8221;on|phone&#8221; border_radii=&#8221;on|30px|30px|30px|30px&#8221; global_colors_info=&#8221;{}&#8221;][et_pb_text _builder_version=&#8221;4.16&#8243; _module_preset=&#8221;default&#8221; custom_margin=&#8221;||5px||false|false&#8221; custom_margin_tablet=&#8221;||8px||false|false&#8221; custom_margin_phone=&#8221;||10px||false|false&#8221; custom_margin_last_edited=&#8221;on|phone&#8221; custom_padding_tablet=&#8221;&#8221; custom_padding_phone=&#8221;||0px||false|false&#8221; custom_padding_last_edited=&#8221;on|phone&#8221; global_colors_info=&#8221;{}&#8221;]<\/p>\n<h2>Regions<\/h2>\n<p>[\/et_pb_text][et_pb_sidebar area=&#8221;et_pb_widget_area_3&#8243; show_border=&#8221;off&#8221; module_class=&#8221;custom-sidebar&#8221; _builder_version=&#8221;4.16&#8243; _module_preset=&#8221;default&#8221; body_font=&#8221;Roboto Slab||||||||&#8221; body_text_color=&#8221;#004175&#8243; custom_margin=&#8221;||-1px||false|false&#8221; custom_padding=&#8221;||0px||false|false&#8221; global_colors_info=&#8221;{}&#8221;][\/et_pb_sidebar][et_pb_blurb use_icon=&#8221;on&#8221; font_icon=&#8221;&#x23;||divi||400&#8243; icon_placement=&#8221;left&#8221; image_icon_width=&#8221;30px&#8221; _builder_version=&#8221;4.16&#8243; _module_preset=&#8221;default&#8221; width_tablet=&#8221;&#8221; width_phone=&#8221;&#8221; width_last_edited=&#8221;on|desktop&#8221; module_alignment=&#8221;left&#8221; link_option_url=&#8221;https:\/\/santeenfrancais.com\/en\/designated-bilingual-organizations\/&#8221; icon_font_size=&#8221;30px&#8221; global_colors_info=&#8221;{}&#8221;]<\/p>\n<p>Return to Designated Bilingual Organizations<\/p>\n<p>[\/et_pb_blurb][\/et_pb_column][\/et_pb_row][\/et_pb_section]<\/p>\n","protected":false},"excerpt":{"rendered":"<p>Office r\u00e9gional de la sant\u00e9 de Winnipeg650, rue Main Winnipeg, Manitoba, R3B 1E2 T\u00e9l. : 204 926-7000 T\u00e9l\u00e9c. : 204 926-7007www.wrha.mb.ca www.churchillhealthcentre.comAgences d\u00e9sign\u00e9es bilingues en services sociaux Centre de traitement des adolescents et des adolescentes du Manitoba \/ Manitoba Adolescent Treatment Centre (MATC) 120, rue TecumsehWinnipeg, Manitoba, R3E 2A9T\u00e9l. : 204 477-6391T\u00e9l\u00e9c. : 204 783-8948info@matc.camatc.ca Centre Youville 33, rue MarionWinnipeg, Manitoba, R2H 0S8T\u00e9l. : 204 255-4840T\u00e9l\u00e9c. : 204 255-4903 Entre-Temps des Franco-Manitobaines CP 183Winnipeg, Manitoba, R2H 3B4T\u00e9l. : 204 925-2550T\u00e9l\u00e9c. : 204 925-2551etfm@mts.net INCA 1080, av PortageWinnipeg, Manitoba, R3G 3M3T\u00e9l. : 204 774-5421T\u00e9l\u00e9c. : 204 775-5090manitoba@cnib.cacnib.ca L\u2019Arche Winnipeg 118, av Regent EWinnipeg, Manitoba, R2C 0C1T\u00e9l. : 204 237-0300T\u00e9l\u00e9c. : 204 237-0316office@larchewinnipeg.orglarchewinnipeg.org Manitoba Possible (anciennement Society for Manitobans with Disabilities) 1857, avenue Notre DameWinnipeg, Manitoba, R3E 3E7T\u00e9l. : 204 975-3010 ou 1-866 282-8041T\u00e9l\u00e9c. : 204 975-3073info@smd.mb.camanitobapossible.ca Sara Riel Inc. 101 &#8211; 66, avenue MoorWinnipeg, Manitoba, R2M 2C4T\u00e9l. : 204 237-7165T\u00e9l\u00e9c. : 204 233-2564info@sarariel.comsarariel.ca Service de rel\u00e8ve communautaire 1155, av. Notre DameWinnipeg, Manitoba, R3E 3G1T\u00e9l. : 204 953-2400T\u00e9l\u00e9c. : 204 775-6214comresp@mts.netcommunityrespiteservice.ca Spinal Cord Injury Manitoba &#8211; L\u00e9sions m\u00e9dullaires Manitoba 825, rue Sherbrook, bur 211Winnipeg, Manitoba, R3A 1M5T\u00e9l. : 204 786-4753 ou 1-800 720-4933T\u00e9l\u00e9c. : 204 786-1140info@scimanitoba.cascimanitoba.ca\/ Centre St. Amant 440, chemin RiverWinnipeg, [&hellip;]<\/p>\n","protected":false},"author":35,"featured_media":0,"parent":0,"menu_order":0,"comment_status":"closed","ping_status":"closed","template":"","meta":{"_et_pb_use_builder":"on","_et_pb_old_content":"","_et_gb_content_width":"","footnotes":""},"class_list":["post-224020","page","type-page","status-publish","hentry"],"_links":{"self":[{"href":"https:\/\/santeenfrancais.com\/en\/wp-json\/wp\/v2\/pages\/224020","targetHints":{"allow":["GET"]}}],"collection":[{"href":"https:\/\/santeenfrancais.com\/en\/wp-json\/wp\/v2\/pages"}],"about":[{"href":"https:\/\/santeenfrancais.com\/en\/wp-json\/wp\/v2\/types\/page"}],"author":[{"embeddable":true,"href":"https:\/\/santeenfrancais.com\/en\/wp-json\/wp\/v2\/users\/35"}],"replies":[{"embeddable":true,"href":"https:\/\/santeenfrancais.com\/en\/wp-json\/wp\/v2\/comments?post=224020"}],"version-history":[{"count":10,"href":"https:\/\/santeenfrancais.com\/en\/wp-json\/wp\/v2\/pages\/224020\/revisions"}],"predecessor-version":[{"id":227997,"href":"https:\/\/santeenfrancais.com\/en\/wp-json\/wp\/v2\/pages\/224020\/revisions\/227997"}],"wp:attachment":[{"href":"https:\/\/santeenfrancais.com\/en\/wp-json\/wp\/v2\/media?parent=224020"}],"curies":[{"name":"wp","href":"https:\/\/api.w.org\/{rel}","templated":true}]}}