{"id":224041,"date":"2020-12-07T10:53:30","date_gmt":"2020-12-07T16:53:30","guid":{"rendered":"https:\/\/santeenfrancais.com\/forum-provincial\/"},"modified":"2023-10-13T13:44:19","modified_gmt":"2023-10-13T18:44:19","slug":"provincial-forum","status":"publish","type":"page","link":"https:\/\/santeenfrancais.com\/en\/provincial-forum\/","title":{"rendered":"Provincial Forum"},"content":{"rendered":"<p>[et_pb_section fb_built=&#8221;1&#8243; _builder_version=&#8221;4.16&#8243; background_image=&#8221;https:\/\/santeenfrancais.com\/wp-content\/uploads\/2020\/04\/header-bg-desktop.png&#8221; background_size=&#8221;contain&#8221; background_position=&#8221;top_center&#8221; global_colors_info=&#8221;{}&#8221;][et_pb_row _builder_version=&#8221;4.17.4&#8243; global_colors_info=&#8221;{}&#8221;][et_pb_column type=&#8221;4_4&#8243; _builder_version=&#8221;4.16&#8243; global_colors_info=&#8221;{}&#8221;][et_pb_post_title meta=&#8221;off&#8221; _builder_version=&#8221;4.17.4&#8243; title_font_size=&#8221;40px&#8221; border_color_all=&#8221;#004175&#8243; border_width_bottom=&#8221;1px&#8221; global_colors_info=&#8221;{}&#8221;][\/et_pb_post_title][\/et_pb_column][\/et_pb_row][et_pb_row column_structure=&#8221;3_5,2_5&#8243; make_equal=&#8221;on&#8221; _builder_version=&#8221;4.16&#8243; background_size=&#8221;initial&#8221; background_position=&#8221;top_left&#8221; background_repeat=&#8221;repeat&#8221; global_colors_info=&#8221;{}&#8221;][et_pb_column type=&#8221;3_5&#8243; _builder_version=&#8221;4.16&#8243; custom_padding=&#8221;|||&#8221; global_colors_info=&#8221;{}&#8221; custom_padding__hover=&#8221;|||&#8221;][et_pb_text _builder_version=&#8221;4.21.0&#8243; _module_preset=&#8221;default&#8221; hover_enabled=&#8221;0&#8243; global_colors_info=&#8221;{}&#8221; sticky_enabled=&#8221;0&#8243;]<\/p>\n<h3>Provincial Forum &#8211; \u00c0 notre sant\u00e9\u2026 en fran\u00e7ais! \/ <em>To Our Health\u2026 <\/em><em>In French!<\/em><\/h3>\n<p>&nbsp;<\/p>\n<p>Sant\u00e9 en fran\u00e7ais periodically offers its provincial forum for health and social services professionals and stakeholders. Held in\u00a0French, it provides an opportunity for healthcare and social services professionals to gather and reaffirm their commitment to the active offer of French services in their fields.<\/p>\n<p>&nbsp;<\/p>\n<p>It offers a series of workshops and presentations allowing participants to network and partake in discussions on the most recent developments to our health system. It is the only gathering of its kind for health and social services professionals and stakeholders in Manitoba that is held <em>en fran\u00e7ais<\/em>.<\/p>\n<p>In 2023, the \u00c0 votre sant\u00e9&#8230; en fran\u00e7ais! forum was presented in a new format as the <strong>Summit on the health of francophone immigrants in Western and Northern Canada &#8211; Developing Services To Meet The Specific Needs Of Our Diverse Communities.<\/strong><\/p>\n<p>The summit is organized in cooperation with the <span><a href=\"https:\/\/rifmb.ca\/\"><strong>R\u00e9seau en immigration francophone du Manitoba<\/strong><\/a><\/span>.<\/p>\n<h5>This event was held in French and as such, all programming, plenary and registration documentation was provided in French only. Please see French side of website for documentation.<\/h5>\n<p>&nbsp;<\/p>\n<p>[\/et_pb_text][\/et_pb_column][et_pb_column type=&#8221;2_5&#8243; _builder_version=&#8221;4.16&#8243; custom_padding=&#8221;|||&#8221; global_colors_info=&#8221;{}&#8221; custom_padding__hover=&#8221;|||&#8221;][et_pb_image src=&#8221;https:\/\/santeenfrancais.com\/wp-content\/uploads\/2021\/01\/conference-speaker.png&#8221; alt=&#8221;woman at podium speaking to audience&#8221; align=&#8221;center&#8221; _builder_version=&#8221;4.21.0&#8243; hover_enabled=&#8221;0&#8243; global_colors_info=&#8221;{}&#8221; title_text=&#8221;conference-speaker&#8221; sticky_enabled=&#8221;0&#8243;][\/et_pb_image][\/et_pb_column][\/et_pb_row][\/et_pb_section]<\/p>\n","protected":false},"excerpt":{"rendered":"<p>Provincial Forum &#8211; \u00c0 notre sant\u00e9\u2026 en fran\u00e7ais! \/ To Our Health\u2026 In French! &nbsp; Sant\u00e9 en fran\u00e7ais periodically offers its provincial forum for health and social services professionals and stakeholders. Held in\u00a0French, it provides an opportunity for healthcare and social services professionals to gather and reaffirm their commitment to the active offer of French services in their fields. &nbsp; It offers a series of workshops and presentations allowing participants to network and partake in discussions on the most recent developments to our health system. It is the only gathering of its kind for health and social services professionals and stakeholders in Manitoba that is held en fran\u00e7ais. In 2023, the \u00c0 votre sant\u00e9&#8230; en fran\u00e7ais! forum was presented in a new format as the Summit on the health of francophone immigrants in Western and Northern Canada &#8211; Developing Services To Meet The Specific Needs Of Our Diverse Communities. The summit is organized in cooperation with the R\u00e9seau en immigration francophone du Manitoba. This event was held in French and as such, all programming, plenary and registration documentation was provided in French only. Please see French side of website for documentation. &nbsp;<\/p>\n","protected":false},"author":35,"featured_media":0,"parent":0,"menu_order":0,"comment_status":"closed","ping_status":"closed","template":"","meta":{"_et_pb_use_builder":"on","_et_pb_old_content":"","_et_gb_content_width":"","footnotes":""},"class_list":["post-224041","page","type-page","status-publish","hentry"],"_links":{"self":[{"href":"https:\/\/santeenfrancais.com\/en\/wp-json\/wp\/v2\/pages\/224041","targetHints":{"allow":["GET"]}}],"collection":[{"href":"https:\/\/santeenfrancais.com\/en\/wp-json\/wp\/v2\/pages"}],"about":[{"href":"https:\/\/santeenfrancais.com\/en\/wp-json\/wp\/v2\/types\/page"}],"author":[{"embeddable":true,"href":"https:\/\/santeenfrancais.com\/en\/wp-json\/wp\/v2\/users\/35"}],"replies":[{"embeddable":true,"href":"https:\/\/santeenfrancais.com\/en\/wp-json\/wp\/v2\/comments?post=224041"}],"version-history":[{"count":11,"href":"https:\/\/santeenfrancais.com\/en\/wp-json\/wp\/v2\/pages\/224041\/revisions"}],"predecessor-version":[{"id":226321,"href":"https:\/\/santeenfrancais.com\/en\/wp-json\/wp\/v2\/pages\/224041\/revisions\/226321"}],"wp:attachment":[{"href":"https:\/\/santeenfrancais.com\/en\/wp-json\/wp\/v2\/media?parent=224041"}],"curies":[{"name":"wp","href":"https:\/\/api.w.org\/{rel}","templated":true}]}}