{"id":224043,"date":"2020-12-07T10:20:08","date_gmt":"2020-12-07T16:20:08","guid":{"rendered":"https:\/\/santeenfrancais.com\/prix-margaret-teresa-mcdonell\/"},"modified":"2024-08-13T11:57:42","modified_gmt":"2024-08-13T16:57:42","slug":"margaret-teresa-mcdonell-award","status":"publish","type":"page","link":"https:\/\/santeenfrancais.com\/en\/margaret-teresa-mcdonell-award\/","title":{"rendered":"Margaret-Teresa-McDonell Award"},"content":{"rendered":"<p>[et_pb_section fb_built=&#8221;1&#8243; _builder_version=&#8221;4.16&#8243; background_image=&#8221;https:\/\/santeenfrancais.com\/wp-content\/uploads\/2020\/04\/header-bg-desktop.png&#8221; background_size=&#8221;contain&#8221; background_position=&#8221;top_center&#8221; global_colors_info=&#8221;{}&#8221;][et_pb_row _builder_version=&#8221;4.16&#8243; global_colors_info=&#8221;{}&#8221;][et_pb_column type=&#8221;4_4&#8243; _builder_version=&#8221;4.16&#8243; global_colors_info=&#8221;{}&#8221;][et_pb_post_title meta=&#8221;off&#8221; _builder_version=&#8221;4.16&#8243; title_font_size=&#8221;40px&#8221; border_color_all=&#8221;#004175&#8243; border_width_bottom=&#8221;1px&#8221; global_colors_info=&#8221;{}&#8221;][\/et_pb_post_title][\/et_pb_column][\/et_pb_row][et_pb_row column_structure=&#8221;3_5,2_5&#8243; make_equal=&#8221;on&#8221; _builder_version=&#8221;4.16&#8243; background_size=&#8221;initial&#8221; background_position=&#8221;top_left&#8221; background_repeat=&#8221;repeat&#8221; global_colors_info=&#8221;{}&#8221;][et_pb_column type=&#8221;3_5&#8243; _builder_version=&#8221;4.16&#8243; custom_padding=&#8221;|||&#8221; global_colors_info=&#8221;{}&#8221; custom_padding__hover=&#8221;|||&#8221;][et_pb_text _builder_version=&#8221;4.26.0&#8243; background_size=&#8221;initial&#8221; background_position=&#8221;top_left&#8221; background_repeat=&#8221;repeat&#8221; hover_enabled=&#8221;0&#8243; global_colors_info=&#8221;{}&#8221; sticky_enabled=&#8221;0&#8243;]<\/p>\n<h2 style=\"text-align: center;\"><strong>\u00a0The Margaret-Teresa-McDonell <br \/>Recognition Award<\/strong><\/h2>\n<p>&nbsp;<\/p>\n<p><strong>This award recognizes the merits of a professional who demonstrates outstanding commitment in providing quality French-language health or social services on a daily basis.<\/strong><\/p>\n<p>This\u00a0 \u00a0award\u00a0 \u00a0was\u00a0 \u00a0created\u00a0 \u00a0in\u00a0 \u00a0honour\u00a0 \u00a0of\u00a0 \u00a0Margaret\u00a0 \u00a0Teresa McDonell,\u00a0 \u00a0an\u00a0 \u00a0early\u00a0 \u00a0pioneer\u00a0 \u00a0who,\u00a0 \u00a0upon\u00a0 \u00a0her\u00a0 \u00a0arrival\u00a0 \u00a0in St. Boniface in 1855, provided care to the francophone and M\u00e9tis families \u00a0in \u00a0the \u00a0fledgling \u00a0Red \u00a0River \u00a0mission, \u00a0which \u00a0was \u00a0the beginnings of the St. Boniface Hospital.<\/p>\n<p>&nbsp;<\/p>\n<p><strong><u>R<\/u><\/strong><strong><u>e<\/u><\/strong><strong><u>cognition<\/u><\/strong><\/p>\n<p>This award \u00a0recognizes \u00a0the \u00a0exceptional \u00a0commitment \u00a0of \u00a0a health \u00a0or \u00a0social services \u00a0professional who \u00a0has \u00a0demonstrated \u00a0outstanding \u00a0dedication \u00a0in \u00a0providing \u00a0high \u00a0quality \u00a0French \u00a0languageservices within the workplace. The recipient demonstrates human and professional qualities by\u00a0implementing positive, creative initiatives in providing high quality French language services.<\/p>\n<p>&nbsp;<\/p>\n<p><strong><u>Eligibility<\/u><\/strong><\/p>\n<p>Anyone working or having worked in health or social services in Manitoba is eligible to receive the recognition award. Nominations \u00a0may \u00a0be \u00a0submitted \u00a0by \u00a0persons \u00a0who \u00a0work \u00a0in \u00a0a \u00a0designated \u00a0bilingual \u00a0community organization, institution, program, department or agency in Manitoba.<\/p>\n<p>&nbsp;<\/p>\n<p><strong><u>A<\/u><\/strong><strong><u>ward Presentation<\/u><\/strong><\/p>\n<p>The Margaret-Teresa-McDonell Recognition Award is be presented by Sant\u00e9 en fran\u00e7ais. In the past il has been awarded during our forum \u00c0 notre sant\u00e9\u2026 en fran\u00e7ais!. In 2023, it was award during the Summit on the health of francophone immigrants in Western and Northern Canada. No matter the format, the occasion celebrates an individual who exemplifies and exceptional commitment toward providing French health and social services.<\/p>\n<p>&nbsp;<\/p>\n<p><strong><u>Submission of A Nom<\/u><\/strong><strong><u>ination<\/u><\/strong><\/p>\n<p>The \u00a0nomination \u00a0must not \u00a0exceed \u00a0two \u00a0pages. \u00a0In preparing \u00a0the \u00a0nomination, \u00a0keep \u00a0in \u00a0mind \u00a0that\u00a0members \u00a0of \u00a0the \u00a0selection \u00a0committee \u00a0want \u00a0to \u00a0be \u00a0able \u00a0to \u00a0determine \u00a0quickly \u00a0whether \u00a0the\u00a0nomination is appropriate.<\/p>\n<p>The nomination may include one or more letters of support (optional). These letters may come \u00a0from \u00a0various \u00a0sources \u00a0including \u00a0a \u00a0designated \u00a0bilingual \u00a0community \u00a0organization \u00a0or \u00a0the executives of a designated bilingual institution, program, department or agency in Manitoba.<a href=\"https:\/\/form.jotform.com\/222844221736050\" title=\"Nominee Submission Form\"><\/a><\/p>\n<p>&nbsp;<\/p>\n<p><strong><u>Selection Committee<\/u><\/strong><\/p>\n<p>The selection committee is anonymous and comprises individuals from Manitoba\u2019s French-speaking community. The selection committee\u00a0 \u00a0studies\u00a0 \u00a0each\u00a0 \u00a0nomination \u00a0to determine which one\u00a0 \u00a0exemplifies\u00a0 \u00a0a professional\u2019s\u00a0 commitment\u00a0\u00a0 to\u00a0 \u00a0providing\u00a0 \u00a0high\u00a0 \u00a0quality\u00a0\u00a0 French language \u00a0services \u00a0in\u00a0 \u00a0the workplace.<\/p>\n<p>&nbsp;<\/p>\n<p><span style=\"text-decoration: underline;\"><strong>History<\/strong><\/span><\/p>\n<p>The Margaret-Teresa Award was created to recognize the merits of a professional who demonstrates outstanding commitment in providing high quality health or social services in French on a daily basis.<\/p>\n<p>Margaret Teresa McDonell was born in 1835 in St. Andrew, Ontario. At sixteen, she entered the Sisters of Charity of Ottawa as Sister Ste. Therese.<\/p>\n<p>In the early 1850s, the Grey Nuns of Manitoba needed reinforcements and appealed to the Sisters of Charity of Ottawa. Sister Ste. Therese volunteered and travelled West in search of great challenges.<\/p>\n<p>She dedicated all of her human qualities and medical skills to providing health care for Manitobans. \u201cThe M\u00e9tis loved her for her patience, gentleness and kindness. Her qualities earned her the nickname Sister Doctor \u201d. She stayed in Saint-Boniface, and was involved in many of the initial works of charity in this province, until her death on November 4, 1917.<\/p>\n<p>For more information on the Margaret-Teresa-McDonell Award, please email Ren\u00e9e Beaudry, rbeaudry2@santeenfrancais.com.<\/p>\n<p>[\/et_pb_text][\/et_pb_column][et_pb_column type=&#8221;2_5&#8243; _builder_version=&#8221;4.16&#8243; custom_padding=&#8221;|||&#8221; global_colors_info=&#8221;{}&#8221; custom_padding__hover=&#8221;|||&#8221;][et_pb_image src=&#8221;https:\/\/santeenfrancais.com\/wp-content\/uploads\/2023\/10\/Feature-Image-Lanscape_petit.jpg&#8221; alt=&#8221;black and white photo of Margaret teresa mcdonell&#8221; title_text=&#8221;Feature Image Lanscape_petit&#8221; align=&#8221;center&#8221; align_tablet=&#8221;&#8221; align_phone=&#8221;&#8221; align_last_edited=&#8221;on|desktop&#8221; _builder_version=&#8221;4.21.0&#8243; _module_preset=&#8221;default&#8221; width=&#8221;80%&#8221; width_tablet=&#8221;50%&#8221; width_phone=&#8221;75%&#8221; width_last_edited=&#8221;on|phone&#8221; global_colors_info=&#8221;{}&#8221;][\/et_pb_image][\/et_pb_column][\/et_pb_row][\/et_pb_section]<\/p>\n","protected":false},"excerpt":{"rendered":"<p>\u00a0The Margaret-Teresa-McDonell Recognition Award &nbsp; This award recognizes the merits of a professional who demonstrates outstanding commitment in providing quality French-language health or social services on a daily basis. This\u00a0 \u00a0award\u00a0 \u00a0was\u00a0 \u00a0created\u00a0 \u00a0in\u00a0 \u00a0honour\u00a0 \u00a0of\u00a0 \u00a0Margaret\u00a0 \u00a0Teresa McDonell,\u00a0 \u00a0an\u00a0 \u00a0early\u00a0 \u00a0pioneer\u00a0 \u00a0who,\u00a0 \u00a0upon\u00a0 \u00a0her\u00a0 \u00a0arrival\u00a0 \u00a0in St. Boniface in 1855, provided care to the francophone and M\u00e9tis families \u00a0in \u00a0the \u00a0fledgling \u00a0Red \u00a0River \u00a0mission, \u00a0which \u00a0was \u00a0the beginnings of the St. Boniface Hospital. &nbsp; Recognition This award \u00a0recognizes \u00a0the \u00a0exceptional \u00a0commitment \u00a0of \u00a0a health \u00a0or \u00a0social services \u00a0professional who \u00a0has \u00a0demonstrated \u00a0outstanding \u00a0dedication \u00a0in \u00a0providing \u00a0high \u00a0quality \u00a0French \u00a0languageservices within the workplace. The recipient demonstrates human and professional qualities by\u00a0implementing positive, creative initiatives in providing high quality French language services. &nbsp; Eligibility Anyone working or having worked in health or social services in Manitoba is eligible to receive the recognition award. Nominations \u00a0may \u00a0be \u00a0submitted \u00a0by \u00a0persons \u00a0who \u00a0work \u00a0in \u00a0a \u00a0designated \u00a0bilingual \u00a0community organization, institution, program, department or agency in Manitoba. &nbsp; Award Presentation The Margaret-Teresa-McDonell Recognition Award is be presented by Sant\u00e9 en fran\u00e7ais. In the past il has been awarded during our forum \u00c0 notre sant\u00e9\u2026 en fran\u00e7ais!. In 2023, it was award during the Summit [&hellip;]<\/p>\n","protected":false},"author":35,"featured_media":0,"parent":0,"menu_order":0,"comment_status":"closed","ping_status":"closed","template":"","meta":{"_et_pb_use_builder":"on","_et_pb_old_content":"","_et_gb_content_width":"","footnotes":""},"class_list":["post-224043","page","type-page","status-publish","hentry"],"_links":{"self":[{"href":"https:\/\/santeenfrancais.com\/en\/wp-json\/wp\/v2\/pages\/224043","targetHints":{"allow":["GET"]}}],"collection":[{"href":"https:\/\/santeenfrancais.com\/en\/wp-json\/wp\/v2\/pages"}],"about":[{"href":"https:\/\/santeenfrancais.com\/en\/wp-json\/wp\/v2\/types\/page"}],"author":[{"embeddable":true,"href":"https:\/\/santeenfrancais.com\/en\/wp-json\/wp\/v2\/users\/35"}],"replies":[{"embeddable":true,"href":"https:\/\/santeenfrancais.com\/en\/wp-json\/wp\/v2\/comments?post=224043"}],"version-history":[{"count":18,"href":"https:\/\/santeenfrancais.com\/en\/wp-json\/wp\/v2\/pages\/224043\/revisions"}],"predecessor-version":[{"id":226946,"href":"https:\/\/santeenfrancais.com\/en\/wp-json\/wp\/v2\/pages\/224043\/revisions\/226946"}],"wp:attachment":[{"href":"https:\/\/santeenfrancais.com\/en\/wp-json\/wp\/v2\/media?parent=224043"}],"curies":[{"name":"wp","href":"https:\/\/api.w.org\/{rel}","templated":true}]}}