{"id":224589,"date":"2021-05-12T10:30:06","date_gmt":"2021-05-12T15:30:06","guid":{"rendered":"https:\/\/santeenfrancais.com\/test-page-translations-sample\/"},"modified":"2021-05-12T10:34:28","modified_gmt":"2021-05-12T15:34:28","slug":"test-page-translations-sample","status":"publish","type":"page","link":"https:\/\/santeenfrancais.com\/en\/test-page-translations-sample\/","title":{"rendered":"Test page &#8211; translations sample"},"content":{"rendered":"<p>[et_pb_section fb_built=&#8221;1&#8243; _builder_version=&#8221;4.4.1&#8243; background_image=&#8221;https:\/\/santeenfrancais.com\/wp-content\/uploads\/2020\/04\/header-bg-desktop.png&#8221; background_size=&#8221;contain&#8221; background_position=&#8221;top_center&#8221;][et_pb_row _builder_version=&#8221;4.4.1&#8243;][et_pb_column type=&#8221;4_4&#8243; _builder_version=&#8221;4.4.1&#8243;][et_pb_post_title meta=&#8221;off&#8221; _builder_version=&#8221;4.4.1&#8243; title_font_size=&#8221;40px&#8221; border_color_all=&#8221;#004175&#8243; border_width_bottom=&#8221;1px&#8221;][\/et_pb_post_title][\/et_pb_column][\/et_pb_row][et_pb_row column_structure=&#8221;3_5,2_5&#8243; _builder_version=&#8221;3.25&#8243; background_size=&#8221;initial&#8221; background_position=&#8221;top_left&#8221; background_repeat=&#8221;repeat&#8221;][et_pb_column type=&#8221;3_5&#8243; _builder_version=&#8221;3.25&#8243; custom_padding=&#8221;|||&#8221; custom_padding__hover=&#8221;|||&#8221;][et_pb_text _builder_version=&#8221;4.9.4&#8243; background_size=&#8221;initial&#8221; background_position=&#8221;top_left&#8221; background_repeat=&#8221;repeat&#8221; hover_enabled=&#8221;0&#8243; sticky_enabled=&#8221;0&#8243;]<\/p>\n<h2>Contact us<\/h2>\n<p>Faites nous parvenir vos commentaires et vos questions, notre \u00e9quipe se fera un plaisir de vous r\u00e9pondre d\u00e8s que possible.<\/p>\n<p>[\/et_pb_text][et_pb_contact_form use_spam_service=&#8221;on&#8221; recaptcha_list=&#8221;Sant\u00e9 en fran\u00e7ais|Sant\u00e9 en fran\u00e7ais-0&#8243; email=&#8221;santeenfrancais@santeenfrancais.com&#8221; custom_message=&#8221;Nom: %%nom%%||et_pb_line_break_holder||||et_pb_line_break_holder||Adresse courriel: %%courriel%%||et_pb_line_break_holder||||et_pb_line_break_holder||Message: %%Message%%&#8221; submit_button_text=&#8221;Soumettre&#8221; _builder_version=&#8221;4.9.0&#8243; form_field_background_color=&#8221;#e6eff6&#8243; form_field_text_color=&#8221;#004175&#8243; form_field_text_align=&#8221;left&#8221; border_radii=&#8221;on|10px|10px|10px|10px&#8221;][et_pb_contact_field field_id=&#8221;nom&#8221; field_title=&#8221;Nom&#8221; _builder_version=&#8221;4.6.6&#8243; button_text_size__hover_enabled=&#8221;off&#8221; button_one_text_size__hover_enabled=&#8221;off&#8221; button_two_text_size__hover_enabled=&#8221;off&#8221; button_text_color__hover_enabled=&#8221;off&#8221; button_one_text_color__hover_enabled=&#8221;off&#8221; button_two_text_color__hover_enabled=&#8221;off&#8221; button_border_width__hover_enabled=&#8221;off&#8221; button_one_border_width__hover_enabled=&#8221;off&#8221; button_two_border_width__hover_enabled=&#8221;off&#8221; button_border_color__hover_enabled=&#8221;off&#8221; button_one_border_color__hover_enabled=&#8221;off&#8221; button_two_border_color__hover_enabled=&#8221;off&#8221; button_border_radius__hover_enabled=&#8221;off&#8221; button_one_border_radius__hover_enabled=&#8221;off&#8221; button_two_border_radius__hover_enabled=&#8221;off&#8221; button_letter_spacing__hover_enabled=&#8221;off&#8221; button_one_letter_spacing__hover_enabled=&#8221;off&#8221; button_two_letter_spacing__hover_enabled=&#8221;off&#8221; button_bg_color__hover_enabled=&#8221;off&#8221; button_one_bg_color__hover_enabled=&#8221;off&#8221; button_two_bg_color__hover_enabled=&#8221;off&#8221;][\/et_pb_contact_field][et_pb_contact_field field_id=&#8221;courriel&#8221; field_title=&#8221;Adresse courriel&#8221; field_type=&#8221;email&#8221; _builder_version=&#8221;4.6.6&#8243; button_text_size__hover_enabled=&#8221;off&#8221; button_one_text_size__hover_enabled=&#8221;off&#8221; button_two_text_size__hover_enabled=&#8221;off&#8221; button_text_color__hover_enabled=&#8221;off&#8221; button_one_text_color__hover_enabled=&#8221;off&#8221; button_two_text_color__hover_enabled=&#8221;off&#8221; button_border_width__hover_enabled=&#8221;off&#8221; button_one_border_width__hover_enabled=&#8221;off&#8221; button_two_border_width__hover_enabled=&#8221;off&#8221; button_border_color__hover_enabled=&#8221;off&#8221; button_one_border_color__hover_enabled=&#8221;off&#8221; button_two_border_color__hover_enabled=&#8221;off&#8221; button_border_radius__hover_enabled=&#8221;off&#8221; button_one_border_radius__hover_enabled=&#8221;off&#8221; button_two_border_radius__hover_enabled=&#8221;off&#8221; button_letter_spacing__hover_enabled=&#8221;off&#8221; button_one_letter_spacing__hover_enabled=&#8221;off&#8221; button_two_letter_spacing__hover_enabled=&#8221;off&#8221; button_bg_color__hover_enabled=&#8221;off&#8221; button_one_bg_color__hover_enabled=&#8221;off&#8221; button_two_bg_color__hover_enabled=&#8221;off&#8221;][\/et_pb_contact_field][et_pb_contact_field field_id=&#8221;Message&#8221; field_title=&#8221;Message&#8221; field_type=&#8221;text&#8221; fullwidth_field=&#8221;on&#8221; _builder_version=&#8221;3.16&#8243; button_text_size__hover_enabled=&#8221;off&#8221; button_one_text_size__hover_enabled=&#8221;off&#8221; button_two_text_size__hover_enabled=&#8221;off&#8221; button_text_color__hover_enabled=&#8221;off&#8221; button_one_text_color__hover_enabled=&#8221;off&#8221; button_two_text_color__hover_enabled=&#8221;off&#8221; button_border_width__hover_enabled=&#8221;off&#8221; button_one_border_width__hover_enabled=&#8221;off&#8221; button_two_border_width__hover_enabled=&#8221;off&#8221; button_border_color__hover_enabled=&#8221;off&#8221; button_one_border_color__hover_enabled=&#8221;off&#8221; button_two_border_color__hover_enabled=&#8221;off&#8221; button_border_radius__hover_enabled=&#8221;off&#8221; button_one_border_radius__hover_enabled=&#8221;off&#8221; button_two_border_radius__hover_enabled=&#8221;off&#8221; button_letter_spacing__hover_enabled=&#8221;off&#8221; button_one_letter_spacing__hover_enabled=&#8221;off&#8221; button_two_letter_spacing__hover_enabled=&#8221;off&#8221; button_bg_color__hover_enabled=&#8221;off&#8221; button_one_bg_color__hover_enabled=&#8221;off&#8221; button_two_bg_color__hover_enabled=&#8221;off&#8221;][\/et_pb_contact_field][\/et_pb_contact_form][\/et_pb_column][et_pb_column type=&#8221;2_5&#8243; _builder_version=&#8221;4.4.1&#8243;][et_pb_text _builder_version=&#8221;4.7.4&#8243;]<\/p>\n<div style=\"padding-bottom: 25px;\">\n<h3>Directrice g\u00e9n\u00e9rale<\/h3>\n<p><strong>Annie B\u00e9dard<\/strong><br \/> T\u00e9l.\u00a0:\u00a0204 235-3293<br \/> <a href=\"mailto:santeenfrancais@santeenfrancais.com\">santeenfrancais@santeenfrancais.com<\/a><\/p>\n<\/div>\n<div style=\"padding-bottom: 25px;\">\n<h3>Gestionnaire des programmes et des op\u00e9rations<\/h3>\n<p><strong>Natalie Gagn\u00e9<\/strong><br \/> T\u00e9l. : 204 235-3294<br \/> <a href=\"mailto:ngagne2@santeenfrancais.com\">ngagne2@santeenfrancais.com<\/a><\/p>\n<\/div>\n<div style=\"padding-bottom: 25px;\">\n<h3>Coordonnatrice des services en fran\u00e7ais<\/h3>\n<p><strong>Lynne Lemoine<\/strong><br \/> T\u00e9l.\u00a0:\u00a0204 235-3524<br \/> <a href=\"mailto:llemoine7@santeenfrancais.com\" class=\"email\">llemoine7@santeenfrancais.com<\/a><\/p>\n<\/div>\n<div style=\"padding-bottom: 25px;\">\n<h3>Coordonnatrice de la formation et des communications<\/h3>\n<p><strong>Ren\u00e9e Beaudry<\/strong><br \/> T\u00e9l.\u00a0:\u00a0204 235-3903<br \/> <a href=\"mailto:rbeaudry2@santeenfrancais.com\" class=\"email\">rbeaudry2@santeenfrancais.com<\/a><\/p>\n<\/div>\n<div style=\"padding-bottom: 25px;\">\n<h3>Adjointe administrative<\/h3>\n<p><strong>Kelly Bado-Giesbrecht<\/strong><br \/> T\u00e9l.\u00a0:\u00a0204 235-3293<br \/> T\u00e9l\u00e9c.\u00a0:\u00a0204 237-0984<br \/> <a href=\"mailto:kbado@santeenfrancais.com\">kbado@santeenfrancais.com<\/a><\/p>\n<\/div>\n<p>[\/et_pb_text][\/et_pb_column][\/et_pb_row][\/et_pb_section][et_pb_section fb_built=&#8221;1&#8243; fullwidth=&#8221;on&#8221; _builder_version=&#8221;4.7.4&#8243; _module_preset=&#8221;default&#8221;][et_pb_fullwidth_map address=&#8221;400 Tache Ave, Winnipeg, MB R2H 2A6, Canada&#8221; address_lat=&#8221;49.8847121&#8243; address_lng=&#8221;-97.1233133&#8243; _builder_version=&#8221;4.7.4&#8243; _module_preset=&#8221;default&#8221;][et_pb_map_pin title=&#8221;Sant\u00e9 en fran\u00e7ais&#8221; pin_address=&#8221;400 Tache Ave, Winnipeg, MB R2H 2A6, Canada&#8221; pin_address_lat=&#8221;49.8847121&#8243; pin_address_lng=&#8221;-97.1233133&#8243; _builder_version=&#8221;4.7.4&#8243; _module_preset=&#8221;default&#8221;][\/et_pb_map_pin][\/et_pb_fullwidth_map][\/et_pb_section]<\/p>\n","protected":false},"excerpt":{"rendered":"<p>Contact us Faites nous parvenir vos commentaires et vos questions, notre \u00e9quipe se fera un plaisir de vous r\u00e9pondre d\u00e8s que possible. Directrice g\u00e9n\u00e9rale Annie B\u00e9dard T\u00e9l.\u00a0:\u00a0204 235-3293 santeenfrancais@santeenfrancais.com Gestionnaire des programmes et des op\u00e9rations Natalie Gagn\u00e9 T\u00e9l. : 204 235-3294 ngagne2@santeenfrancais.com Coordonnatrice des services en fran\u00e7ais Lynne Lemoine T\u00e9l.\u00a0:\u00a0204 235-3524 llemoine7@santeenfrancais.com Coordonnatrice de la formation et des communications Ren\u00e9e Beaudry T\u00e9l.\u00a0:\u00a0204 235-3903 rbeaudry2@santeenfrancais.com Adjointe administrative Kelly Bado-Giesbrecht T\u00e9l.\u00a0:\u00a0204 235-3293 T\u00e9l\u00e9c.\u00a0:\u00a0204 237-0984 kbado@santeenfrancais.com<\/p>\n","protected":false},"author":35,"featured_media":0,"parent":0,"menu_order":0,"comment_status":"closed","ping_status":"closed","template":"","meta":{"_et_pb_use_builder":"on","_et_pb_old_content":"","_et_gb_content_width":"","footnotes":""},"class_list":["post-224589","page","type-page","status-publish","hentry"],"_links":{"self":[{"href":"https:\/\/santeenfrancais.com\/en\/wp-json\/wp\/v2\/pages\/224589","targetHints":{"allow":["GET"]}}],"collection":[{"href":"https:\/\/santeenfrancais.com\/en\/wp-json\/wp\/v2\/pages"}],"about":[{"href":"https:\/\/santeenfrancais.com\/en\/wp-json\/wp\/v2\/types\/page"}],"author":[{"embeddable":true,"href":"https:\/\/santeenfrancais.com\/en\/wp-json\/wp\/v2\/users\/35"}],"replies":[{"embeddable":true,"href":"https:\/\/santeenfrancais.com\/en\/wp-json\/wp\/v2\/comments?post=224589"}],"version-history":[{"count":2,"href":"https:\/\/santeenfrancais.com\/en\/wp-json\/wp\/v2\/pages\/224589\/revisions"}],"predecessor-version":[{"id":224592,"href":"https:\/\/santeenfrancais.com\/en\/wp-json\/wp\/v2\/pages\/224589\/revisions\/224592"}],"wp:attachment":[{"href":"https:\/\/santeenfrancais.com\/en\/wp-json\/wp\/v2\/media?parent=224589"}],"curies":[{"name":"wp","href":"https:\/\/api.w.org\/{rel}","templated":true}]}}