{"id":225674,"date":"2022-10-13T09:38:17","date_gmt":"2022-10-13T14:38:17","guid":{"rendered":"https:\/\/santeenfrancais.com\/?page_id=225674"},"modified":"2023-03-14T11:15:49","modified_gmt":"2023-03-14T16:15:49","slug":"summit-ircc-health-immigration-francophone","status":"publish","type":"page","link":"https:\/\/santeenfrancais.com\/en\/summit-ircc-health-immigration-francophone\/","title":{"rendered":"Developing Services To Meet The Specific Needs Of Our Diverse Communities"},"content":{"rendered":"<p>[et_pb_section fb_built=&#8221;1&#8243; _builder_version=&#8221;4.16&#8243; background_image=&#8221;https:\/\/santeenfrancais.com\/wp-content\/uploads\/2020\/04\/header-bg-desktop.png&#8221; background_size=&#8221;contain&#8221; background_position=&#8221;top_center&#8221; global_colors_info=&#8221;{}&#8221;][et_pb_row _builder_version=&#8221;4.17.4&#8243; global_colors_info=&#8221;{}&#8221;][et_pb_column type=&#8221;4_4&#8243; _builder_version=&#8221;4.16&#8243; global_colors_info=&#8221;{}&#8221;][et_pb_post_title meta=&#8221;off&#8221; _builder_version=&#8221;4.17.4&#8243; title_font_size=&#8221;40px&#8221; hover_enabled=&#8221;0&#8243; border_color_all=&#8221;#004175&#8243; border_width_bottom=&#8221;1px&#8221; global_colors_info=&#8221;{}&#8221; sticky_enabled=&#8221;0&#8243;][\/et_pb_post_title][\/et_pb_column][\/et_pb_row][et_pb_row column_structure=&#8221;3_5,2_5&#8243; make_equal=&#8221;on&#8221; _builder_version=&#8221;4.16&#8243; background_size=&#8221;initial&#8221; background_position=&#8221;top_left&#8221; background_repeat=&#8221;repeat&#8221; global_colors_info=&#8221;{}&#8221;][et_pb_column type=&#8221;3_5&#8243; _builder_version=&#8221;4.16&#8243; custom_padding=&#8221;|||&#8221; global_colors_info=&#8221;{}&#8221; custom_padding__hover=&#8221;|||&#8221;][et_pb_text _builder_version=&#8221;4.19.2&#8243; _module_preset=&#8221;default&#8221; hover_enabled=&#8221;0&#8243; global_colors_info=&#8221;{}&#8221; sticky_enabled=&#8221;0&#8243;]<\/p>\n<h3>Summit on the health of francophone immigrants in western and northern Canada<\/h3>\n<h4><span style=\"color: #993300;\">Registration closed February 9th 2023 at 4:30pm.<\/span><\/h4>\n<p><span style=\"color: #993300;\"><\/span><\/p>\n<h4>This event was held in French and as such, all programming, plenary and registration documentation is provided in French only.<\/h4>\n<p>This summit is geared to professionals, stakeholders and partners working in immigration, health care and social services. It will feature presentations, sessions, tools and recommendations dealing with the health and well-being of francophone immigrants.<\/p>\n<p>A cocktail event will follow at 5:30 p.m., during which the Margaret Teresa McDonell Award will be presented.<\/p>\n<p><strong>Date &#8211;\u00a0<\/strong>Thursday, February\u00a016, 2023<\/p>\n<p><strong>Times &#8211;\u00a0<\/strong><strong>Summit: <\/strong>8:30\u00a0a.m.\u20134:30\u00a0p.m.<\/p>\n<p><strong>\u00a0 \u00a0 \u00a0 \u00a0 \u00a0 \u00a0 \u00a0 \u00a0Award presentation: <\/strong>5:30\u00a0p.m.\u20138\u00a0p.m.<\/p>\n<p><strong>\u00a0<\/strong><\/p>\n<p><strong>Address &#8211;\u00a0<\/strong><span><a href=\"https:\/\/www.canadinns.com\/stay\/polo-park\/\">Canad Inn Destination Centre Polo Park <\/a><\/span><\/p>\n<p>1405\u00a0St.\u00a0Matthews\u00a0Avenue (corner of Empress\u00a0Street)<br \/>Winnipeg, Man., R3G\u00a00K5 (<span><a href=\"https:\/\/goo.gl\/maps\/KGhKKY1mQwcexzU4A\">View location on an interactive map<\/a><\/span>)<\/p>\n<p>&nbsp;<\/p>\n<p>This year, the <em>\u00c0 votre sant\u00e9&#8230; en fran\u00e7ais! <\/em>forum will be offered in a new format and will bring together participants from Manitoba, Saskatchewan, Alberta, British\u00a0Columbia, the Yukon, the Northwest\u00a0Territories, and Nunavut.<\/p>\n<p>&nbsp;<\/p>\n<p><a href=\"https:\/\/santeenfrancais.com\/2023\/02\/12\/programme-officiel\/\" title=\"Programme du Sommet\"><img decoding=\"async\" src=\"https:\/\/santeenfrancais.com\/wp-content\/uploads\/2023\/02\/programme-thumbnail-246x300.jpg\" width=\"246\" height=\"300\" alt=\"\" class=\"wp-image-225975 alignnone size-medium\" \/><\/a><\/p>\n<p><strong><\/strong><\/p>\n<p><a href=\"https:\/\/santeenfrancais.com\/2022\/11\/23\/resume-des-seances-simultanees-matin-et-apres-midi\/\" title=\"Concurrent session descriptions\"><strong><img decoding=\"async\" src=\"https:\/\/santeenfrancais.com\/wp-content\/uploads\/2022\/11\/Resume-des-seances-thumbnail-275x300.jpg\" width=\"275\" height=\"300\" alt=\"\" class=\"wp-image-225839 alignnone size-medium\" srcset=\"https:\/\/santeenfrancais.com\/wp-content\/uploads\/2022\/11\/Resume-des-seances-thumbnail-275x300.jpg 275w, https:\/\/santeenfrancais.com\/wp-content\/uploads\/2022\/11\/Resume-des-seances-thumbnail.jpg 330w\" sizes=\"(max-width: 275px) 100vw, 275px\" \/><\/strong><\/a><\/p>\n<p><strong>The objectives of the summit, which will focus on mental health and trauma among francophone newcomers, are as follows:<\/strong><\/p>\n<ul>\n<li>bring together professionals and stakeholders from the immigration and health and social services sectors of western and northern Canada to share experiences in the field of francophone immigration<\/li>\n<li>build participants\u2019 knowledge of the health of francophone immigrants<\/li>\n<\/ul>\n<p>&nbsp;<\/p>\n<p>The summit is organized in collaboration with the <span><a href=\"https:\/\/rifmb.ca\/\"><strong>R\u00e9seau en immigration francophone du Manitoba<\/strong><\/a><\/span>.<\/p>\n<p>[\/et_pb_text][et_pb_image src=&#8221;https:\/\/santeenfrancais.com\/wp-content\/uploads\/2022\/11\/bloc-logos-partenaires-scaled.jpg&#8221; title_text=&#8221;bloc logos partenaires&#8221; _builder_version=&#8221;4.19.0&#8243; _module_preset=&#8221;default&#8221; global_colors_info=&#8221;{}&#8221;][\/et_pb_image][\/et_pb_column][et_pb_column type=&#8221;2_5&#8243; _builder_version=&#8221;4.16&#8243; custom_padding=&#8221;|||&#8221; global_colors_info=&#8221;{}&#8221; custom_padding__hover=&#8221;|||&#8221;][et_pb_image src=&#8221;https:\/\/santeenfrancais.com\/wp-content\/uploads\/2022\/10\/bloc-reseaux-sociaux.jpg&#8221; alt=&#8221;woman at podium speaking to audience&#8221; title_text=&#8221;bloc r\u00e9seaux sociaux&#8221; align=&#8221;center&#8221; _builder_version=&#8221;4.19.2&#8243; hover_enabled=&#8221;0&#8243; global_colors_info=&#8221;{}&#8221; sticky_enabled=&#8221;0&#8243;][\/et_pb_image][\/et_pb_column][\/et_pb_row][\/et_pb_section]<\/p>\n","protected":false},"excerpt":{"rendered":"<p>Summit on the health of francophone immigrants in western and northern Canada Registration closed February 9th 2023 at 4:30pm. This event was held in French and as such, all programming, plenary and registration documentation is provided in French only. This summit is geared to professionals, stakeholders and partners working in immigration, health care and social services. It will feature presentations, sessions, tools and recommendations dealing with the health and well-being of francophone immigrants. A cocktail event will follow at 5:30 p.m., during which the Margaret Teresa McDonell Award will be presented. Date &#8211;\u00a0Thursday, February\u00a016, 2023 Times &#8211;\u00a0Summit: 8:30\u00a0a.m.\u20134:30\u00a0p.m. \u00a0 \u00a0 \u00a0 \u00a0 \u00a0 \u00a0 \u00a0 \u00a0Award presentation: 5:30\u00a0p.m.\u20138\u00a0p.m. \u00a0 Address &#8211;\u00a0Canad Inn Destination Centre Polo Park 1405\u00a0St.\u00a0Matthews\u00a0Avenue (corner of Empress\u00a0Street)Winnipeg, Man., R3G\u00a00K5 (View location on an interactive map) &nbsp; This year, the \u00c0 votre sant\u00e9&#8230; en fran\u00e7ais! forum will be offered in a new format and will bring together participants from Manitoba, Saskatchewan, Alberta, British\u00a0Columbia, the Yukon, the Northwest\u00a0Territories, and Nunavut. &nbsp; The objectives of the summit, which will focus on mental health and trauma among francophone newcomers, are as follows: bring together professionals and stakeholders from the immigration and health and social services sectors of western and northern Canada [&hellip;]<\/p>\n","protected":false},"author":34,"featured_media":0,"parent":0,"menu_order":0,"comment_status":"closed","ping_status":"closed","template":"","meta":{"_et_pb_use_builder":"on","_et_pb_old_content":"","_et_gb_content_width":"","footnotes":""},"class_list":["post-225674","page","type-page","status-publish","hentry"],"_links":{"self":[{"href":"https:\/\/santeenfrancais.com\/en\/wp-json\/wp\/v2\/pages\/225674","targetHints":{"allow":["GET"]}}],"collection":[{"href":"https:\/\/santeenfrancais.com\/en\/wp-json\/wp\/v2\/pages"}],"about":[{"href":"https:\/\/santeenfrancais.com\/en\/wp-json\/wp\/v2\/types\/page"}],"author":[{"embeddable":true,"href":"https:\/\/santeenfrancais.com\/en\/wp-json\/wp\/v2\/users\/34"}],"replies":[{"embeddable":true,"href":"https:\/\/santeenfrancais.com\/en\/wp-json\/wp\/v2\/comments?post=225674"}],"version-history":[{"count":23,"href":"https:\/\/santeenfrancais.com\/en\/wp-json\/wp\/v2\/pages\/225674\/revisions"}],"predecessor-version":[{"id":226094,"href":"https:\/\/santeenfrancais.com\/en\/wp-json\/wp\/v2\/pages\/225674\/revisions\/226094"}],"wp:attachment":[{"href":"https:\/\/santeenfrancais.com\/en\/wp-json\/wp\/v2\/media?parent=225674"}],"curies":[{"name":"wp","href":"https:\/\/api.w.org\/{rel}","templated":true}]}}