{"id":227108,"date":"2024-09-27T13:52:56","date_gmt":"2024-09-27T18:52:56","guid":{"rendered":"https:\/\/santeenfrancais.com\/?page_id=227108"},"modified":"2024-10-01T16:29:41","modified_gmt":"2024-10-01T21:29:41","slug":"recognition-and-award-presentation","status":"publish","type":"page","link":"https:\/\/santeenfrancais.com\/en\/margaret-teresa-mcdonell-award\/recognition-and-award-presentation\/","title":{"rendered":"Recognition and Award Presentation"},"content":{"rendered":"<p>[et_pb_section fb_built=&#8221;1&#8243; _builder_version=&#8221;4.26.0&#8243; _module_preset=&#8221;default&#8221; background_image=&#8221;https:\/\/santeenfrancais.com\/wp-content\/uploads\/2020\/04\/header-bg-desktop.png&#8221; background_position=&#8221;top_center&#8221; global_colors_info=&#8221;{}&#8221;][et_pb_row _builder_version=&#8221;4.16&#8243; min_height=&#8221;35px&#8221; global_colors_info=&#8221;{}&#8221;][et_pb_column type=&#8221;4_4&#8243; _builder_version=&#8221;4.16&#8243; global_colors_info=&#8221;{}&#8221;][et_pb_post_title meta=&#8221;off&#8221; _builder_version=&#8221;4.16&#8243; title_font_size=&#8221;40px&#8221; border_color_all=&#8221;#004175&#8243; border_width_bottom=&#8221;1px&#8221; global_colors_info=&#8221;{}&#8221;][\/et_pb_post_title][\/et_pb_column][\/et_pb_row][et_pb_row column_structure=&#8221;3_4,1_4&#8243; make_equal=&#8221;on&#8221; _builder_version=&#8221;4.26.0&#8243; background_size=&#8221;initial&#8221; background_position=&#8221;top_left&#8221; background_repeat=&#8221;repeat&#8221; custom_margin=&#8221;||5px||false|false&#8221; custom_padding=&#8221;||40px||false|false&#8221; border_color_bottom=&#8221;#15B5D0&#8243; global_colors_info=&#8221;{}&#8221;][et_pb_column type=&#8221;3_4&#8243; _builder_version=&#8221;4.16&#8243; custom_padding=&#8221;|||&#8221; global_colors_info=&#8221;{}&#8221; custom_padding__hover=&#8221;|||&#8221;][et_pb_text _builder_version=&#8221;4.26.0&#8243; background_size=&#8221;initial&#8221; background_position=&#8221;top_left&#8221; background_repeat=&#8221;repeat&#8221; hover_enabled=&#8221;0&#8243; global_colors_info=&#8221;{}&#8221; sticky_enabled=&#8221;0&#8243;]<\/p>\n<h2>Recognition<\/h2>\n<p>This award recognizes the exceptional commitment of a health or social services professional who has demonstrated outstanding dedication in providing high quality French language services within the workplace. The recipient demonstrates human and professional qualities by implementing positive, creative initiatives in providing high quality French language services.<\/p>\n<h2>Award Presentation<\/h2>\n<p>The Margaret-Teresa-McDonell Recognition Award is be presented by Sant\u00e9 en fran\u00e7ais. In the past il has been awarded during our forum <em>\u00c0 notre sant\u00e9\u2026 en fran\u00e7ais!<\/em>. In 2023, it was award during the Summit on the health of francophone immigrants in Western and Northern Canada. No matter the format, the occasion celebrates an individual who exemplifies and exceptional commitment toward providing French health and social services.<\/p>\n<p>[\/et_pb_text][\/et_pb_column][et_pb_column type=&#8221;1_4&#8243; _builder_version=&#8221;4.16&#8243; custom_padding=&#8221;|||&#8221; global_colors_info=&#8221;{}&#8221; custom_padding__hover=&#8221;|||&#8221;][et_pb_image src=&#8221;https:\/\/santeenfrancais.com\/wp-content\/uploads\/2024\/10\/Exceptional-Commitment-Graphic-EN-2.png&#8221; alt=&#8221;Exceptional Commitment&#8221; title_text=&#8221;Exceptional-Commitment-Graphic-EN 2&#8243; _builder_version=&#8221;4.26.0&#8243; _module_preset=&#8221;default&#8221; global_colors_info=&#8221;{}&#8221;][\/et_pb_image][\/et_pb_column][\/et_pb_row][\/et_pb_section]<\/p>\n","protected":false},"excerpt":{"rendered":"<p>Recognition This award recognizes the exceptional commitment of a health or social services professional who has demonstrated outstanding dedication in providing high quality French language services within the workplace. The recipient demonstrates human and professional qualities by implementing positive, creative initiatives in providing high quality French language services. Award Presentation The Margaret-Teresa-McDonell Recognition Award is be presented by Sant\u00e9 en fran\u00e7ais. In the past il has been awarded during our forum \u00c0 notre sant\u00e9\u2026 en fran\u00e7ais!. In 2023, it was award during the Summit on the health of francophone immigrants in Western and Northern Canada. No matter the format, the occasion celebrates an individual who exemplifies and exceptional commitment toward providing French health and social services.<\/p>\n","protected":false},"author":35,"featured_media":0,"parent":224043,"menu_order":0,"comment_status":"closed","ping_status":"closed","template":"","meta":{"_et_pb_use_builder":"on","_et_pb_old_content":"","_et_gb_content_width":"","footnotes":""},"class_list":["post-227108","page","type-page","status-publish","hentry"],"_links":{"self":[{"href":"https:\/\/santeenfrancais.com\/en\/wp-json\/wp\/v2\/pages\/227108","targetHints":{"allow":["GET"]}}],"collection":[{"href":"https:\/\/santeenfrancais.com\/en\/wp-json\/wp\/v2\/pages"}],"about":[{"href":"https:\/\/santeenfrancais.com\/en\/wp-json\/wp\/v2\/types\/page"}],"author":[{"embeddable":true,"href":"https:\/\/santeenfrancais.com\/en\/wp-json\/wp\/v2\/users\/35"}],"replies":[{"embeddable":true,"href":"https:\/\/santeenfrancais.com\/en\/wp-json\/wp\/v2\/comments?post=227108"}],"version-history":[{"count":6,"href":"https:\/\/santeenfrancais.com\/en\/wp-json\/wp\/v2\/pages\/227108\/revisions"}],"predecessor-version":[{"id":227137,"href":"https:\/\/santeenfrancais.com\/en\/wp-json\/wp\/v2\/pages\/227108\/revisions\/227137"}],"up":[{"embeddable":true,"href":"https:\/\/santeenfrancais.com\/en\/wp-json\/wp\/v2\/pages\/224043"}],"wp:attachment":[{"href":"https:\/\/santeenfrancais.com\/en\/wp-json\/wp\/v2\/media?parent=227108"}],"curies":[{"name":"wp","href":"https:\/\/api.w.org\/{rel}","templated":true}]}}