{"id":227352,"date":"2024-11-23T06:34:43","date_gmt":"2024-11-23T12:34:43","guid":{"rendered":"https:\/\/santeenfrancais.com\/?page_id=227352"},"modified":"2025-10-13T14:20:19","modified_gmt":"2025-10-13T19:20:19","slug":"network-navigation-guide","status":"publish","type":"page","link":"https:\/\/santeenfrancais.com\/en\/network-navigation-guide\/","title":{"rendered":"Manitoba Health and Social Services Network Navigation Guide"},"content":{"rendered":"<p>[et_pb_section fb_built=&#8221;1&#8243; _builder_version=&#8221;4.27.2&#8243; locked=&#8221;off&#8221; global_colors_info=&#8221;{}&#8221;][et_pb_row _builder_version=&#8221;4.16&#8243; global_colors_info=&#8221;{}&#8221;][et_pb_column type=&#8221;4_4&#8243; _builder_version=&#8221;4.16&#8243; global_colors_info=&#8221;{}&#8221;][et_pb_post_title meta=&#8221;off&#8221; _builder_version=&#8221;4.16&#8243; title_font_size=&#8221;40px&#8221; border_color_all=&#8221;#004175&#8243; border_width_bottom=&#8221;1px&#8221; global_colors_info=&#8221;{}&#8221;][\/et_pb_post_title][\/et_pb_column][\/et_pb_row][et_pb_row column_structure=&#8221;3_5,2_5&#8243; make_equal=&#8221;on&#8221; _builder_version=&#8221;4.21.0&#8243; background_size=&#8221;initial&#8221; background_position=&#8221;top_left&#8221; background_repeat=&#8221;repeat&#8221; global_colors_info=&#8221;{}&#8221;][et_pb_column type=&#8221;3_5&#8243; _builder_version=&#8221;4.16&#8243; custom_padding=&#8221;|||&#8221; global_colors_info=&#8221;{}&#8221; custom_padding__hover=&#8221;|||&#8221;][et_pb_text _builder_version=&#8221;4.27.4&#8243; background_size=&#8221;initial&#8221; background_position=&#8221;top_left&#8221; background_repeat=&#8221;repeat&#8221; hover_enabled=&#8221;0&#8243; global_colors_info=&#8221;{}&#8221; sticky_enabled=&#8221;0&#8243;]<\/p>\n<p>The purpose of the guide <em>Guide de navigation du r\u00e9seau de la sant\u00e9 et des services sociaux du Manitoba<\/em> is to help French-speaking individuals navigate Manitoba&#8217;s healthcare network. It is designed as a practical tool to assist Francophones in quickly finding their way within the healthcare system. Whether they are newcomers, travelers, or long-time residents facing a new health issue, people often have many questions and need support to locate the appropriate resources within the network.<\/p>\n<p>In line with its mission to improve access to high-quality health and social services in French, Sant\u00e9 en fran\u00e7ais collaborated with the R\u00e9seau en immigration francophone (RIF) of Manitoba to create this guide with the following objectives in mind:<\/p>\n<ul>\n<li>Helping people understand Manitoba\u2019s healthcare network.<\/li>\n<li>Providing key contact information and access pathways.<\/li>\n<li>Offering guidance on how to access public services and certain private services.<\/li>\n<\/ul>\n<p><strong data-start=\"45\" data-end=\"68\">Update \u2013 March 2025<\/strong><br data-start=\"68\" data-end=\"71\" \/>This updated version of the guide includes additional content to better support the needs of Francophones in Manitoba. New resources have been added on mental health, violence prevention, and support for children, families, and people living with disabilities. A summary table of mental health access points has also been added in Appendix B to help users navigate available services. Sections 11 to 14 of the guide (pages 33 to 44) have been enhanced as part of this update.<\/p>\n<p>[\/et_pb_text][et_pb_blurb title=&#8221;Download the guide (in French only)&#8221; url=&#8221;https:\/\/santeenfrancais.com\/wp-content\/uploads\/2025\/03\/SF_Guide-reseau-sante-et-services-sociaux-MB_mars2025.pdf&#8221; url_new_window=&#8221;on&#8221; use_icon=&#8221;on&#8221; font_icon=&#8221;&#xe03e;||divi||400&#8243; icon_placement=&#8221;left&#8221; _builder_version=&#8221;4.27.4&#8243; _module_preset=&#8221;default&#8221; header_text_color=&#8221;#004175&#8243; link_option_url=&#8221;https:\/\/santeenfrancais.com\/wp-content\/uploads\/2025\/03\/SF_Guide-reseau-sante-et-services-sociaux-MB_mars2025.pdf&#8221; link_option_url_new_window=&#8221;on&#8221; hover_enabled=&#8221;0&#8243; locked=&#8221;off&#8221; global_colors_info=&#8221;{}&#8221; header_text_color__hover_enabled=&#8221;on|hover&#8221; icon_color__hover_enabled=&#8221;on|hover&#8221; icon_color__hover=&#8221;#15b5d0&#8243; header_text_color__hover=&#8221;#15b5d0&#8243; sticky_enabled=&#8221;0&#8243;][\/et_pb_blurb][\/et_pb_column][et_pb_column type=&#8221;2_5&#8243; _builder_version=&#8221;4.16&#8243; custom_padding=&#8221;|||&#8221; global_colors_info=&#8221;{}&#8221; custom_padding__hover=&#8221;|||&#8221;][et_pb_image src=&#8221;https:\/\/santeenfrancais.com\/wp-content\/uploads\/2024\/11\/Guide-navigation-reseau-sante-manitoba.png&#8221; alt=&#8221;young man at computer&#8221; title_text=&#8221;Guide-navigation-reseau-sante-manitoba&#8221; url=&#8221;https:\/\/santeenfrancais.com\/wp-content\/uploads\/2025\/03\/SF_Guide-reseau-sante-et-services-sociaux-MB_mars2025.pdf&#8221; url_new_window=&#8221;on&#8221; align=&#8221;center&#8221; _builder_version=&#8221;4.27.4&#8243; hover_enabled=&#8221;0&#8243; global_colors_info=&#8221;{}&#8221; sticky_enabled=&#8221;0&#8243;][\/et_pb_image][\/et_pb_column][\/et_pb_row][\/et_pb_section]<\/p>\n","protected":false},"excerpt":{"rendered":"<p>The purpose of the guide Guide de navigation du r\u00e9seau de la sant\u00e9 et des services sociaux du Manitoba is to help French-speaking individuals navigate Manitoba&#8217;s healthcare network. It is designed as a practical tool to assist Francophones in quickly finding their way within the healthcare system. Whether they are newcomers, travelers, or long-time residents facing a new health issue, people often have many questions and need support to locate the appropriate resources within the network. In line with its mission to improve access to high-quality health and social services in French, Sant\u00e9 en fran\u00e7ais collaborated with the R\u00e9seau en immigration francophone (RIF) of Manitoba to create this guide with the following objectives in mind: Helping people understand Manitoba\u2019s healthcare network. Providing key contact information and access pathways. Offering guidance on how to access public services and certain private services. Update \u2013 March 2025This updated version of the guide includes additional content to better support the needs of Francophones in Manitoba. New resources have been added on mental health, violence prevention, and support for children, families, and people living with disabilities. A summary table of mental health access points has also been added in Appendix B to help users navigate [&hellip;]<\/p>\n","protected":false},"author":34,"featured_media":0,"parent":0,"menu_order":0,"comment_status":"closed","ping_status":"closed","template":"","meta":{"_et_pb_use_builder":"on","_et_pb_old_content":"","_et_gb_content_width":"","footnotes":""},"class_list":["post-227352","page","type-page","status-publish","hentry"],"_links":{"self":[{"href":"https:\/\/santeenfrancais.com\/en\/wp-json\/wp\/v2\/pages\/227352","targetHints":{"allow":["GET"]}}],"collection":[{"href":"https:\/\/santeenfrancais.com\/en\/wp-json\/wp\/v2\/pages"}],"about":[{"href":"https:\/\/santeenfrancais.com\/en\/wp-json\/wp\/v2\/types\/page"}],"author":[{"embeddable":true,"href":"https:\/\/santeenfrancais.com\/en\/wp-json\/wp\/v2\/users\/34"}],"replies":[{"embeddable":true,"href":"https:\/\/santeenfrancais.com\/en\/wp-json\/wp\/v2\/comments?post=227352"}],"version-history":[{"count":6,"href":"https:\/\/santeenfrancais.com\/en\/wp-json\/wp\/v2\/pages\/227352\/revisions"}],"predecessor-version":[{"id":227560,"href":"https:\/\/santeenfrancais.com\/en\/wp-json\/wp\/v2\/pages\/227352\/revisions\/227560"}],"wp:attachment":[{"href":"https:\/\/santeenfrancais.com\/en\/wp-json\/wp\/v2\/media?parent=227352"}],"curies":[{"name":"wp","href":"https:\/\/api.w.org\/{rel}","templated":true}]}}