{"id":227712,"date":"2025-05-20T09:15:35","date_gmt":"2025-05-20T14:15:35","guid":{"rendered":"https:\/\/santeenfrancais.com\/?page_id=227712"},"modified":"2025-10-13T14:20:26","modified_gmt":"2025-10-13T19:20:26","slug":"projects-2023-2028","status":"publish","type":"page","link":"https:\/\/santeenfrancais.com\/en\/projects-2023-2028\/","title":{"rendered":"Projects 2023-2028"},"content":{"rendered":"<p>[et_pb_section fb_built=&#8221;1&#8243; _builder_version=&#8221;4.27.4&#8243; _module_preset=&#8221;default&#8221; global_colors_info=&#8221;{}&#8221;][et_pb_row _builder_version=&#8221;4.16&#8243; global_colors_info=&#8221;{}&#8221; locked=&#8221;off&#8221;][et_pb_column type=&#8221;4_4&#8243; _builder_version=&#8221;4.16&#8243; global_colors_info=&#8221;{}&#8221;][et_pb_post_title meta=&#8221;off&#8221; _builder_version=&#8221;4.16&#8243; title_font_size=&#8221;40px&#8221; border_color_all=&#8221;#004175&#8243; border_width_bottom=&#8221;1px&#8221; global_colors_info=&#8221;{}&#8221;][\/et_pb_post_title][\/et_pb_column][\/et_pb_row][et_pb_row column_structure=&#8221;3_5,2_5&#8243; make_equal=&#8221;on&#8221; _builder_version=&#8221;4.27.4&#8243; background_size=&#8221;initial&#8221; background_position=&#8221;top_left&#8221; background_repeat=&#8221;repeat&#8221; locked=&#8221;off&#8221; global_colors_info=&#8221;{}&#8221;][et_pb_column type=&#8221;3_5&#8243; _builder_version=&#8221;4.16&#8243; custom_padding=&#8221;|||&#8221; global_colors_info=&#8221;{}&#8221; custom_padding__hover=&#8221;|||&#8221;][et_pb_text _builder_version=&#8221;4.27.4&#8243; background_size=&#8221;initial&#8221; background_position=&#8221;top_left&#8221; background_repeat=&#8221;repeat&#8221; global_colors_info=&#8221;{}&#8221;]<\/p>\n<p data-start=\"0\" data-end=\"465\" class=\"\">Thanks to a federal investment of $1.5 million over five years, two projects led by Manitoba-based organizations were selected under the 2023\u20132028 call for projects launched by Soci\u00e9t\u00e9 Sant\u00e9 en fran\u00e7ais. This initiative, supported by Health Canada through the Action Plan for Official Languages 2023\u20132028: Protection \u2013 Promotion \u2013 Collaboration, aims to improve access to French-language health and social services for minority communities.<\/p>\n<p data-start=\"467\" data-end=\"830\" class=\"\">As the provincial network member of Soci\u00e9t\u00e9 Sant\u00e9 en fran\u00e7ais, Sant\u00e9 en fran\u00e7ais played a key role in providing strategic support and guidance for these two projects. By mobilizing partners, fostering strong collaborations, and facilitating concerted action, Sant\u00e9 en fran\u00e7ais helped bring these impactful initiatives to life for Manitoba\u2019s Francophone community.<\/p>\n<p>[\/et_pb_text][\/et_pb_column][et_pb_column type=&#8221;2_5&#8243; _builder_version=&#8221;4.27.4&#8243; background_color=&#8221;#E6EFF6&#8243; custom_padding=&#8221;30px|30px|30px|30px|true|true&#8221; border_radii=&#8221;on|20px|20px|20px|20px&#8221; global_colors_info=&#8221;{}&#8221; custom_padding__hover=&#8221;|||&#8221;][et_pb_text _builder_version=&#8221;4.27.4&#8243; background_size=&#8221;initial&#8221; background_position=&#8221;top_left&#8221; background_repeat=&#8221;repeat&#8221; global_colors_info=&#8221;{}&#8221;]<\/p>\n<h3>Media Coverage<\/h3>\n<p data-start=\"832\" data-end=\"1055\" class=\"\">The May 16, 2025, press conference garnered strong media interest. Several articles, interviews, and reports highlighted the significance of these initiatives for the Francophone population in Manitoba.<\/p>\n<p>[\/et_pb_text][et_pb_blurb title=&#8221;View Media Coverage&#8221; url=&#8221;https:\/\/santeenfrancais.com\/en\/2025\/05\/16\/funding-announcement-for-two-french-language-health-projects\/&#8221; url_new_window=&#8221;on&#8221; use_icon=&#8221;on&#8221; font_icon=&#8221;&#xe03e;||divi||400&#8243; icon_placement=&#8221;left&#8221; _builder_version=&#8221;4.27.4&#8243; _module_preset=&#8221;default&#8221; header_text_color=&#8221;#004175&#8243; link_option_url=&#8221;https:\/\/santeenfrancais.com\/en\/2025\/05\/16\/funding-announcement-for-two-french-language-health-projects\/&#8221; link_option_url_new_window=&#8221;on&#8221; locked=&#8221;off&#8221; global_colors_info=&#8221;{}&#8221; header_text_color__hover_enabled=&#8221;on|hover&#8221; icon_color__hover_enabled=&#8221;on|hover&#8221; icon_color__hover=&#8221;#15b5d0&#8243; header_text_color__hover=&#8221;#15b5d0&#8243;][\/et_pb_blurb][\/et_pb_column][\/et_pb_row][et_pb_row column_structure=&#8221;1_4,3_4&#8243; make_equal=&#8221;on&#8221; _builder_version=&#8221;4.27.4&#8243; background_size=&#8221;initial&#8221; background_position=&#8221;top_left&#8221; background_repeat=&#8221;repeat&#8221; border_width_top=&#8221;1px&#8221; border_color_top=&#8221;#15B5D0&#8243; locked=&#8221;off&#8221; global_colors_info=&#8221;{}&#8221;][et_pb_column type=&#8221;1_4&#8243; _builder_version=&#8221;4.16&#8243; custom_padding=&#8221;|||&#8221; global_colors_info=&#8221;{}&#8221; custom_padding__hover=&#8221;|||&#8221;][et_pb_image src=&#8221;https:\/\/santeenfrancais.com\/wp-content\/uploads\/2025\/05\/Vitalite-Sante-Reseau-Compassion-Network-Sante-en-francais-Projets-2023-2028.png&#8221; alt=&#8221;young man at computer&#8221; title_text=&#8221;Vitalite-Sante-Reseau-Compassion-Network-Sante-en-francais-Projets-2023-2028&#8243; url=&#8221;https:\/\/reseaucompassionnetwork.ca\/fr\/vitalite-sante\/&#8221; url_new_window=&#8221;on&#8221; align=&#8221;center&#8221; _builder_version=&#8221;4.27.4&#8243; global_colors_info=&#8221;{}&#8221;][\/et_pb_image][\/et_pb_column][et_pb_column type=&#8221;3_4&#8243; _builder_version=&#8221;4.16&#8243; custom_padding=&#8221;|||&#8221; global_colors_info=&#8221;{}&#8221; custom_padding__hover=&#8221;|||&#8221;][et_pb_text _builder_version=&#8221;4.27.4&#8243; background_size=&#8221;initial&#8221; background_position=&#8221;top_left&#8221; background_repeat=&#8221;repeat&#8221; global_colors_info=&#8221;{}&#8221;]<\/p>\n<h2>Vitalit\u00e9 Sant\u00e9! \u2013 Former, recruter, maintenir<\/h2>\n<p data-start=\"1090\" data-end=\"1492\" class=\"\">Led by R\u00e9seau Compassion Network, <em data-start=\"1170\" data-end=\"1186\">Vitalit\u00e9 Sant\u00e9!<\/em> aims to develop a comprehensive action plan to improve access to bilingual human resources in the health and social services sectors. The project relies on a broad network of partners and a collaborative approach to strengthen the entire continuum\u2014from secondary education to the professional environment.<\/p>\n<p data-start=\"1494\" data-end=\"1708\" class=\"\">R\u00e9seau Compassion Network brings together 13 health and social service agencies across Manitoba. It acts where the needs are greatest and is committed to implementing bold, lasting solutions to serve the community.<\/p>\n<p data-start=\"1710\" data-end=\"1778\" class=\"\">[\/et_pb_text][et_pb_blurb title=&#8221;View Project Profile&#8221; url=&#8221;https:\/\/www.santefrancais.ca\/en\/projet-23-28\/vitalite-sante\/&#8221; url_new_window=&#8221;on&#8221; use_icon=&#8221;on&#8221; font_icon=&#8221;&#xe03e;||divi||400&#8243; icon_placement=&#8221;left&#8221; _builder_version=&#8221;4.27.4&#8243; _module_preset=&#8221;default&#8221; header_text_color=&#8221;#004175&#8243; link_option_url=&#8221;https:\/\/www.santefrancais.ca\/en\/projet-23-28\/vitalite-sante\/&#8221; link_option_url_new_window=&#8221;on&#8221; locked=&#8221;off&#8221; global_colors_info=&#8221;{}&#8221; header_text_color__hover_enabled=&#8221;on|hover&#8221; icon_color__hover_enabled=&#8221;on|hover&#8221; icon_color__hover=&#8221;#15b5d0&#8243; header_text_color__hover=&#8221;#15b5d0&#8243;][\/et_pb_blurb][et_pb_blurb title=&#8221;Visit R\u00e9seau Compassion Network website&#8221; url=&#8221;https:\/\/reseaucompassionnetwork.ca\/vitalite-sante\/&#8221; url_new_window=&#8221;on&#8221; use_icon=&#8221;on&#8221; font_icon=&#8221;&#xe03e;||divi||400&#8243; icon_placement=&#8221;left&#8221; _builder_version=&#8221;4.27.4&#8243; _module_preset=&#8221;default&#8221; header_text_color=&#8221;#004175&#8243; link_option_url=&#8221;https:\/\/reseaucompassionnetwork.ca\/vitalite-sante\/&#8221; link_option_url_new_window=&#8221;on&#8221; locked=&#8221;off&#8221; global_colors_info=&#8221;{}&#8221; header_text_color__hover_enabled=&#8221;on|hover&#8221; icon_color__hover_enabled=&#8221;on|hover&#8221; icon_color__hover=&#8221;#15b5d0&#8243; header_text_color__hover=&#8221;#15b5d0&#8243;][\/et_pb_blurb][\/et_pb_column][\/et_pb_row][et_pb_row column_structure=&#8221;1_4,3_4&#8243; make_equal=&#8221;on&#8221; _builder_version=&#8221;4.27.4&#8243; background_size=&#8221;initial&#8221; background_position=&#8221;top_left&#8221; background_repeat=&#8221;repeat&#8221; border_width_top=&#8221;1px&#8221; border_color_top=&#8221;#15B5D0&#8243; locked=&#8221;off&#8221; global_colors_info=&#8221;{}&#8221;][et_pb_column type=&#8221;1_4&#8243; _builder_version=&#8221;4.16&#8243; custom_padding=&#8221;|||&#8221; global_colors_info=&#8221;{}&#8221; custom_padding__hover=&#8221;|||&#8221;][et_pb_image src=&#8221;https:\/\/santeenfrancais.com\/wp-content\/uploads\/2025\/05\/Vers-des-soins-pour-toustes-Collectif-LGBTQ-Manitoba-Projets-2023-2028.png&#8221; alt=&#8221;young man at computer&#8221; title_text=&#8221;Vers-des-soins-pour-toustes-Collectif-LGBTQ-Manitoba-Projets-2023-2028&#8243; url=&#8221;https:\/\/collectiflgbtq.ca\/#vst&#8221; url_new_window=&#8221;on&#8221; align=&#8221;center&#8221; _builder_version=&#8221;4.27.4&#8243; global_colors_info=&#8221;{}&#8221;][\/et_pb_image][\/et_pb_column][et_pb_column type=&#8221;3_4&#8243; _builder_version=&#8221;4.16&#8243; custom_padding=&#8221;|||&#8221; global_colors_info=&#8221;{}&#8221; custom_padding__hover=&#8221;|||&#8221;][et_pb_text _builder_version=&#8221;4.27.4&#8243; background_size=&#8221;initial&#8221; background_position=&#8221;top_left&#8221; background_repeat=&#8221;repeat&#8221; global_colors_info=&#8221;{}&#8221;]<\/p>\n<h2>Vers des soins pour toustes<\/h2>\n<p data-start=\"1785\" data-end=\"2097\" class=\"\">Led by the Collectif LGBTQ* du Manitoba, this project seeks to improve access to care for French-speaking 2ELGBTQIA+ individuals. By documenting community needs and providing training to care providers, it aims to make health services more inclusive, respectful, and responsive.<\/p>\n<p data-start=\"2099\" data-end=\"2302\" class=\"\">The Collectif LGBTQ* du Manitoba is dedicated to the well-being of Francoqueer individuals and to promoting safety, diversity, and inclusion within public services, especially health and social services.<\/p>\n<p data-start=\"2304\" data-end=\"2379\" class=\"\">[\/et_pb_text][et_pb_blurb title=&#8221;View Project Profile&#8221; url=&#8221;https:\/\/www.santefrancais.ca\/en\/projet-23-28\/applying-health-knowledge-to-serve-the-french-speaking-lgbtq2-community-and-disseminating-best-practices-provincially-and-nationally\/&#8221; url_new_window=&#8221;on&#8221; use_icon=&#8221;on&#8221; font_icon=&#8221;&#xe03e;||divi||400&#8243; icon_placement=&#8221;left&#8221; _builder_version=&#8221;4.27.4&#8243; _module_preset=&#8221;default&#8221; header_text_color=&#8221;#004175&#8243; link_option_url=&#8221;https:\/\/www.santefrancais.ca\/en\/projet-23-28\/applying-health-knowledge-to-serve-the-french-speaking-lgbtq2-community-and-disseminating-best-practices-provincially-and-nationally\/&#8221; link_option_url_new_window=&#8221;on&#8221; locked=&#8221;off&#8221; global_colors_info=&#8221;{}&#8221; header_text_color__hover_enabled=&#8221;on|hover&#8221; icon_color__hover_enabled=&#8221;on|hover&#8221; icon_color__hover=&#8221;#15b5d0&#8243; header_text_color__hover=&#8221;#15b5d0&#8243;][\/et_pb_blurb][et_pb_blurb title=&#8221;Visit the Collectif LGBTQ* du Manitoba website (in French only)&#8221; url=&#8221;https:\/\/collectiflgbtq.ca\/#vst&#8221; url_new_window=&#8221;on&#8221; use_icon=&#8221;on&#8221; font_icon=&#8221;&#xe03e;||divi||400&#8243; icon_placement=&#8221;left&#8221; content_max_width=&#8221;100%&#8221; _builder_version=&#8221;4.27.4&#8243; _module_preset=&#8221;default&#8221; header_text_color=&#8221;#004175&#8243; width=&#8221;100%&#8221; custom_margin=&#8221;|0px|||false|false&#8221; custom_padding=&#8221;|0px|||false|false&#8221; link_option_url=&#8221;https:\/\/collectiflgbtq.ca\/#vst&#8221; link_option_url_new_window=&#8221;on&#8221; locked=&#8221;off&#8221; global_colors_info=&#8221;{}&#8221; header_text_color__hover_enabled=&#8221;on|hover&#8221; icon_color__hover_enabled=&#8221;on|hover&#8221; icon_color__hover=&#8221;#15b5d0&#8243; header_text_color__hover=&#8221;#15b5d0&#8243;][\/et_pb_blurb][\/et_pb_column][\/et_pb_row][et_pb_row make_equal=&#8221;on&#8221; _builder_version=&#8221;4.21.0&#8243; background_size=&#8221;initial&#8221; background_position=&#8221;top_left&#8221; background_repeat=&#8221;repeat&#8221; border_width_top=&#8221;1px&#8221; border_color_top=&#8221;#15B5D0&#8243; locked=&#8221;off&#8221; global_colors_info=&#8221;{}&#8221;][et_pb_column type=&#8221;4_4&#8243; _builder_version=&#8221;4.16&#8243; custom_padding=&#8221;|||&#8221; global_colors_info=&#8221;{}&#8221; custom_padding__hover=&#8221;|||&#8221;][et_pb_text _builder_version=&#8221;4.27.4&#8243; background_size=&#8221;initial&#8221; background_position=&#8221;top_left&#8221; background_repeat=&#8221;repeat&#8221; global_colors_info=&#8221;{}&#8221;]<\/p>\n<p>As part of its 2023\u20132028 call for projects, Soci\u00e9t\u00e9 Sant\u00e9 en fran\u00e7ais selected 12 additional initiatives across the country. Developed in collaboration with local partners, each project aims to improve access to French-language health services for Francophone and Acadian minority communities. Together, they showcase the diversity of approaches being implemented nationwide to meet the unique needs of these populations.<\/p>\n<p>[\/et_pb_text][et_pb_blurb title=&#8221;View all 2023\u20132028 Projects&#8221; url=&#8221;https:\/\/www.santefrancais.ca\/en\/projects-23-28-by-province-territory\/&#8221; url_new_window=&#8221;on&#8221; use_icon=&#8221;on&#8221; font_icon=&#8221;&#xe03e;||divi||400&#8243; icon_placement=&#8221;left&#8221; _builder_version=&#8221;4.27.4&#8243; _module_preset=&#8221;default&#8221; header_text_color=&#8221;#004175&#8243; link_option_url=&#8221;https:\/\/www.santefrancais.ca\/en\/projects-23-28-by-province-territory\/&#8221; link_option_url_new_window=&#8221;on&#8221; locked=&#8221;off&#8221; global_colors_info=&#8221;{}&#8221; header_text_color__hover_enabled=&#8221;on|hover&#8221; icon_color__hover_enabled=&#8221;on|hover&#8221; icon_color__hover=&#8221;#15b5d0&#8243; header_text_color__hover=&#8221;#15b5d0&#8243;][\/et_pb_blurb][\/et_pb_column][\/et_pb_row][et_pb_row make_equal=&#8221;on&#8221; _builder_version=&#8221;4.21.0&#8243; background_size=&#8221;initial&#8221; background_position=&#8221;top_left&#8221; background_repeat=&#8221;repeat&#8221; locked=&#8221;off&#8221; global_colors_info=&#8221;{}&#8221;][et_pb_column type=&#8221;4_4&#8243; _builder_version=&#8221;4.16&#8243; custom_padding=&#8221;|||&#8221; global_colors_info=&#8221;{}&#8221; custom_padding__hover=&#8221;|||&#8221;][et_pb_text _builder_version=&#8221;4.27.4&#8243; background_size=&#8221;initial&#8221; background_position=&#8221;top_left&#8221; background_repeat=&#8221;repeat&#8221; global_colors_info=&#8221;{}&#8221;]<\/p>\n<p>These projects are made possible thanks to financial support from Health Canada through Soci\u00e9t\u00e9 Sant\u00e9 en fran\u00e7ais, under the Action Plan for Official Languages 2023\u20132028: Protection \u2013 Promotion \u2013 Collaboration.<\/p>\n<p>[\/et_pb_text][\/et_pb_column][\/et_pb_row][\/et_pb_section]<\/p>\n","protected":false},"excerpt":{"rendered":"<p>Thanks to a federal investment of $1.5 million over five years, two projects led by Manitoba-based organizations were selected under the 2023\u20132028 call for projects launched by Soci\u00e9t\u00e9 Sant\u00e9 en fran\u00e7ais. This initiative, supported by Health Canada through the Action Plan for Official Languages 2023\u20132028: Protection \u2013 Promotion \u2013 Collaboration, aims to improve access to French-language health and social services for minority communities. As the provincial network member of Soci\u00e9t\u00e9 Sant\u00e9 en fran\u00e7ais, Sant\u00e9 en fran\u00e7ais played a key role in providing strategic support and guidance for these two projects. By mobilizing partners, fostering strong collaborations, and facilitating concerted action, Sant\u00e9 en fran\u00e7ais helped bring these impactful initiatives to life for Manitoba\u2019s Francophone community.Media Coverage The May 16, 2025, press conference garnered strong media interest. Several articles, interviews, and reports highlighted the significance of these initiatives for the Francophone population in Manitoba.Vitalit\u00e9 Sant\u00e9! \u2013 Former, recruter, maintenir Led by R\u00e9seau Compassion Network, Vitalit\u00e9 Sant\u00e9! aims to develop a comprehensive action plan to improve access to bilingual human resources in the health and social services sectors. The project relies on a broad network of partners and a collaborative approach to strengthen the entire continuum\u2014from secondary education to the professional environment. R\u00e9seau [&hellip;]<\/p>\n","protected":false},"author":34,"featured_media":0,"parent":0,"menu_order":0,"comment_status":"closed","ping_status":"closed","template":"","meta":{"_et_pb_use_builder":"on","_et_pb_old_content":"","_et_gb_content_width":"","footnotes":""},"class_list":["post-227712","page","type-page","status-publish","hentry"],"_links":{"self":[{"href":"https:\/\/santeenfrancais.com\/en\/wp-json\/wp\/v2\/pages\/227712","targetHints":{"allow":["GET"]}}],"collection":[{"href":"https:\/\/santeenfrancais.com\/en\/wp-json\/wp\/v2\/pages"}],"about":[{"href":"https:\/\/santeenfrancais.com\/en\/wp-json\/wp\/v2\/types\/page"}],"author":[{"embeddable":true,"href":"https:\/\/santeenfrancais.com\/en\/wp-json\/wp\/v2\/users\/34"}],"replies":[{"embeddable":true,"href":"https:\/\/santeenfrancais.com\/en\/wp-json\/wp\/v2\/comments?post=227712"}],"version-history":[{"count":5,"href":"https:\/\/santeenfrancais.com\/en\/wp-json\/wp\/v2\/pages\/227712\/revisions"}],"predecessor-version":[{"id":227720,"href":"https:\/\/santeenfrancais.com\/en\/wp-json\/wp\/v2\/pages\/227712\/revisions\/227720"}],"wp:attachment":[{"href":"https:\/\/santeenfrancais.com\/en\/wp-json\/wp\/v2\/media?parent=227712"}],"curies":[{"name":"wp","href":"https:\/\/api.w.org\/{rel}","templated":true}]}}