{"id":228041,"date":"2025-10-13T13:22:24","date_gmt":"2025-10-13T18:22:24","guid":{"rendered":"https:\/\/santeenfrancais.com\/?page_id=228041"},"modified":"2025-10-13T14:15:38","modified_gmt":"2025-10-13T19:15:38","slug":"health-card-campaign","status":"publish","type":"page","link":"https:\/\/santeenfrancais.com\/en\/health-card-campaign\/","title":{"rendered":"Health Card Campaign"},"content":{"rendered":"<p>[et_pb_section fb_built=&#8221;1&#8243; _builder_version=&#8221;4.16&#8243; locked=&#8221;off&#8221; global_colors_info=&#8221;{}&#8221; background_image=&#8221;https:\/\/santeenfrancais.com\/wp-content\/uploads\/2020\/04\/header-bg-desktop.png&#8221; background_size=&#8221;contain&#8221; background_position=&#8221;top_center&#8221; theme_builder_area=&#8221;post_content&#8221;][et_pb_row _builder_version=&#8221;4.16&#8243; global_colors_info=&#8221;{}&#8221; theme_builder_area=&#8221;post_content&#8221;][et_pb_column type=&#8221;4_4&#8243; _builder_version=&#8221;4.16&#8243; global_colors_info=&#8221;{}&#8221; theme_builder_area=&#8221;post_content&#8221;][\/et_pb_column][\/et_pb_row][et_pb_row _builder_version=&#8221;4.16&#8243; background_size=&#8221;initial&#8221; background_position=&#8221;top_left&#8221; background_repeat=&#8221;repeat&#8221; global_colors_info=&#8221;{}&#8221; theme_builder_area=&#8221;post_content&#8221;][et_pb_column type=&#8221;4_4&#8243; _builder_version=&#8221;4.16&#8243; custom_padding=&#8221;|||&#8221; global_colors_info=&#8221;{}&#8221; custom_padding__hover=&#8221;|||&#8221; theme_builder_area=&#8221;post_content&#8221;][et_pb_post_title meta=&#8221;off&#8221; _builder_version=&#8221;4.16&#8243; title_font_size=&#8221;40px&#8221; border_color_all=&#8221;#004175&#8243; border_width_bottom=&#8221;1px&#8221; global_colors_info=&#8221;{}&#8221; theme_builder_area=&#8221;post_content&#8221;][\/et_pb_post_title][\/et_pb_column][\/et_pb_row][et_pb_row _builder_version=&#8221;4.27.4&#8243; _module_preset=&#8221;default&#8221; theme_builder_area=&#8221;post_content&#8221;][et_pb_column _builder_version=&#8221;4.27.4&#8243; _module_preset=&#8221;default&#8221; type=&#8221;4_4&#8243; theme_builder_area=&#8221;post_content&#8221;][et_pb_text _builder_version=&#8221;4.27.4&#8243; hover_enabled=&#8221;0&#8243; global_colors_info=&#8221;{}&#8221; theme_builder_area=&#8221;post_content&#8221; sticky_enabled=&#8221;0&#8243;]In January 2025, Manitoba launched a new, sustainable and modernized health card. The card now displays each person\u2019s preferred official language: French or English. This innovation allows everyone to indicate the language in which they wish to be greeted when receiving health or social services.<\/p>\n<p>The Health Card Campaign was launched in October 2025 to inform both the public and professionals about this important new feature. It includes two components:[\/et_pb_text][\/et_pb_column][\/et_pb_row][et_pb_row column_structure=&#8221;1_2,1_2&#8243; _builder_version=&#8221;4.27.4&#8243; _module_preset=&#8221;default&#8221; global_colors_info=&#8221;{}&#8221; theme_builder_area=&#8221;post_content&#8221;][et_pb_column type=&#8221;1_2&#8243; _builder_version=&#8221;4.27.4&#8243; _module_preset=&#8221;default&#8221; global_colors_info=&#8221;{}&#8221; theme_builder_area=&#8221;post_content&#8221;][et_pb_text _builder_version=&#8221;4.27.4&#8243; hover_enabled=&#8221;0&#8243; global_colors_info=&#8221;{}&#8221; theme_builder_area=&#8221;post_content&#8221; sticky_enabled=&#8221;0&#8243;]<\/p>\n<h3>Professional component &#8211; <em>Diff\u00e9rence en fran\u00e7ais<\/em><\/h3>\n<p>The awareness campaign for health and social service professionals builds on the existing <a href=\"https:\/\/santeenfrancais.com\/initiative-difference-en-francais\" target=\"_blank\" rel=\"noopener\"><em>Diff\u00e9rence en fran\u00e7ais<\/em><\/a> initiative, which already offers practical tools, videos and resources to help staff actively offer services in French regardless of their language level. Its goal is to inform professionals that the health card now displays the patient\u2019s preferred official language and to encourage the active offer of services in French.<\/p>\n<p>[\/et_pb_text][et_pb_image src=&#8221;https:\/\/santeenfrancais.com\/wp-content\/uploads\/2025\/10\/Difference-en-francais-logo.png&#8221; title_text=&#8221;Difference-en-francais-logo&#8221; url=&#8221;https:\/\/differenceenfrancais.ca&#8221; url_new_window=&#8221;on&#8221; _builder_version=&#8221;4.27.4&#8243; _module_preset=&#8221;default&#8221; width=&#8221;70%&#8221; module_alignment=&#8221;center&#8221; global_colors_info=&#8221;{}&#8221; theme_builder_area=&#8221;post_content&#8221;][\/et_pb_image][\/et_pb_column][et_pb_column type=&#8221;1_2&#8243; _builder_version=&#8221;4.27.4&#8243; _module_preset=&#8221;default&#8221; global_colors_info=&#8221;{}&#8221; theme_builder_area=&#8221;post_content&#8221;][et_pb_text _builder_version=&#8221;4.27.4&#8243; hover_enabled=&#8221;0&#8243; global_colors_info=&#8221;{}&#8221; theme_builder_area=&#8221;post_content&#8221; sticky_enabled=&#8221;0&#8243;]<\/p>\n<h3><strong>Public component <\/strong> &#8211; Je choisis le fran\u00e7ais<\/h3>\n<p>The <a href=\"https:\/\/jechoisislefrancais.ca\/\" target=\"_blank\" rel=\"noopener\"><em>Je choisis le fran\u00e7ais<\/em><\/a> awareness campaign invites French-speaking Manitobans to apply for their new health card and select French as their preferred official language.<\/p>\n<p>By choosing French, individuals help demonstrate that French-language services are valued and in demand while contributing to better planning for service delivery.<\/p>\n<p>[\/et_pb_text][et_pb_image src=&#8221;https:\/\/santeenfrancais.com\/wp-content\/uploads\/2025\/09\/Je-choisis-le-francais-Carte-de-sante-Manitoba.png&#8221; title_text=&#8221;Je-choisis-le-francais-Carte-de-sante-Manitoba&#8221; url=&#8221;https:\/\/jechoisislefrancais.ca\/&#8221; url_new_window=&#8221;on&#8221; _builder_version=&#8221;4.27.4&#8243; _module_preset=&#8221;default&#8221; width=&#8221;50%&#8221; module_alignment=&#8221;center&#8221; global_colors_info=&#8221;{}&#8221; theme_builder_area=&#8221;post_content&#8221;][\/et_pb_image][\/et_pb_column][\/et_pb_row][et_pb_row make_equal=&#8221;on&#8221; _builder_version=&#8221;4.16&#8243; background_size=&#8221;initial&#8221; background_position=&#8221;top_left&#8221; background_repeat=&#8221;repeat&#8221; custom_padding=&#8221;0px||8px|||&#8221; locked=&#8221;off&#8221; global_colors_info=&#8221;{}&#8221; theme_builder_area=&#8221;post_content&#8221;][et_pb_column type=&#8221;4_4&#8243; _builder_version=&#8221;4.16&#8243; custom_padding=&#8221;|||&#8221; global_colors_info=&#8221;{}&#8221; custom_padding__hover=&#8221;|||&#8221; theme_builder_area=&#8221;post_content&#8221;][et_pb_text _builder_version=&#8221;4.27.4&#8243; _module_preset=&#8221;default&#8221; hover_enabled=&#8221;0&#8243; locked=&#8221;off&#8221; inline_fonts=&#8221;Open_Sans_Condensedbold&#8221; global_colors_info=&#8221;{}&#8221; theme_builder_area=&#8221;post_content&#8221; sticky_enabled=&#8221;0&#8243;]<\/p>\n<p>This initiative is led by <a href=\"https:\/\/santeenfrancais.com\/\">Sant\u00e9 en fran\u00e7ais<\/a>, <a href=\"https:\/\/soinscommunsmb.ca\/\" target=\"_blank\" rel=\"noopener\">Shared Health-Soins communs<\/a> and the <a href=\"https:\/\/www.sfm.mb.ca\/\" target=\"_blank\" rel=\"noopener\">Soci\u00e9t\u00e9 de la francophonie manitobaine<\/a>. Together these partners are working to ensure that everyone can live their health fully in French.<\/p>\n<p><strong><span>Find out more<\/span><\/strong><\/p>\n<ul>\n<li>Read the <a href=\"https:\/\/santeenfrancais.com\/2025\/10\/09\/lancement-de-la-campagne-je-choisis-le-francais\/\" target=\"_blank\" rel=\"noopener\">Press Release (in French).<\/a><\/li>\n<li>Visit <a href=\"https:\/\/jechoisislefrancais.ca\/\" target=\"_blank\" rel=\"noopener\">jechoisislefrancais.ca<\/a>\u00a0for information for the general public.<\/li>\n<li>Explore <a href=\"https:\/\/differenceenfrancais.ca\/\" target=\"_blank\" rel=\"noopener\">differenceenfrancais.ca<\/a> for resources for professionals.<\/li>\n<\/ul>\n<p>[\/et_pb_text][et_pb_text _builder_version=&#8221;4.27.4&#8243; _module_preset=&#8221;default&#8221; text_font=&#8221;||on||||||&#8221; text_font_size=&#8221;12px&#8221; hover_enabled=&#8221;0&#8243; locked=&#8221;off&#8221; inline_fonts=&#8221;Open_Sans_Condensedbold&#8221; global_colors_info=&#8221;{}&#8221; theme_builder_area=&#8221;post_content&#8221; sticky_enabled=&#8221;0&#8243;]<\/p>\n<p><em><span>This initiative is made possible through financial support from Manitoba Health, Seniors and Long-Term Care. The views expressed herein do not necessarily reflect those of the Government of Manitoba.<\/span><\/em><\/p>\n<p>[\/et_pb_text][\/et_pb_column][\/et_pb_row][\/et_pb_section]<\/p>\n","protected":false},"excerpt":{"rendered":"<p>In January 2025, Manitoba launched a new, sustainable and modernized health card. The card now displays each person\u2019s preferred official language: French or English. This innovation allows everyone to indicate the language in which they wish to be greeted when receiving health or social services. The Health Card Campaign was launched in October 2025 to inform both the public and professionals about this important new feature. It includes two components:Professional component &#8211; Diff\u00e9rence en fran\u00e7ais The awareness campaign for health and social service professionals builds on the existing Diff\u00e9rence en fran\u00e7ais initiative, which already offers practical tools, videos and resources to help staff actively offer services in French regardless of their language level. Its goal is to inform professionals that the health card now displays the patient\u2019s preferred official language and to encourage the active offer of services in French.Public component &#8211; Je choisis le fran\u00e7ais The Je choisis le fran\u00e7ais awareness campaign invites French-speaking Manitobans to apply for their new health card and select French as their preferred official language. By choosing French, individuals help demonstrate that French-language services are valued and in demand while contributing to better planning for service delivery.This initiative is led by Sant\u00e9 en fran\u00e7ais, [&hellip;]<\/p>\n","protected":false},"author":34,"featured_media":0,"parent":0,"menu_order":0,"comment_status":"closed","ping_status":"closed","template":"","meta":{"_et_pb_use_builder":"on","_et_pb_old_content":"","_et_gb_content_width":"","footnotes":""},"class_list":["post-228041","page","type-page","status-publish","hentry"],"_links":{"self":[{"href":"https:\/\/santeenfrancais.com\/en\/wp-json\/wp\/v2\/pages\/228041","targetHints":{"allow":["GET"]}}],"collection":[{"href":"https:\/\/santeenfrancais.com\/en\/wp-json\/wp\/v2\/pages"}],"about":[{"href":"https:\/\/santeenfrancais.com\/en\/wp-json\/wp\/v2\/types\/page"}],"author":[{"embeddable":true,"href":"https:\/\/santeenfrancais.com\/en\/wp-json\/wp\/v2\/users\/34"}],"replies":[{"embeddable":true,"href":"https:\/\/santeenfrancais.com\/en\/wp-json\/wp\/v2\/comments?post=228041"}],"version-history":[{"count":3,"href":"https:\/\/santeenfrancais.com\/en\/wp-json\/wp\/v2\/pages\/228041\/revisions"}],"predecessor-version":[{"id":228044,"href":"https:\/\/santeenfrancais.com\/en\/wp-json\/wp\/v2\/pages\/228041\/revisions\/228044"}],"wp:attachment":[{"href":"https:\/\/santeenfrancais.com\/en\/wp-json\/wp\/v2\/media?parent=228041"}],"curies":[{"name":"wp","href":"https:\/\/api.w.org\/{rel}","templated":true}]}}